{"id":4153,"date":"2022-10-14T12:38:10","date_gmt":"2022-10-14T12:38:10","guid":{"rendered":"https:\/\/casa-colonia.de\/pokoj\/pokoj-jednoosobowy\/"},"modified":"2026-01-12T08:51:45","modified_gmt":"2026-01-12T08:51:45","slug":"pokoj-jednoosobowy","status":"publish","type":"page","link":"https:\/\/casa-colonia.de\/pl\/pokoj\/pokoj-jednoosobowy\/","title":{"rendered":"Pok\u00f3j jednoosobowy"},"content":{"rendered":"<div class=\"wpb-content-wrapper\"><p>[vc_row gap=&#8221;25&#8243;][vc_column width=&#8221;2\/3&#8243;][vc_single_image image=&#8221;3872&#8243; img_size=&#8221;large&#8221; css=&#8221;.vc_custom_1663768489090{margin-top: 0px !important;margin-bottom: 0px !important;padding-top: 0px !important;padding-bottom: 0px !important;}&#8221;]<div style=\"background-color:;height: 30px\" class=\"nicdark_section  \"><\/div>[vc_custom_heading source=&#8221;post_title&#8221; font_container=&#8221;tag:h2|font_size:16px|text_align:left&#8221; google_fonts=&#8221;font_family:Lora%3Aregular%2Citalic%2C700%2C700italic|font_style:700%20bold%20regular%3A700%3Anormal&#8221;][vc_column_text]Ten przestronny i nowoczesny pok\u00f3j jednoosobowy wyposa\u017cony jest w meble wykonane na zam\u00f3wienie oraz dyskretne elementy wystroju i przekonuje swoj\u0105 najwy\u017csz\u0105 prostot\u0105 dzi\u0119ki atrakcyjnej i niezwyk\u0142ej atmosferze.[\/vc_column_text][\/vc_column][vc_column width=&#8221;1\/3&#8243; css=&#8221;.vc_custom_1663766052742{padding-top: 35px !important;padding-right: 15px !important;padding-bottom: 35px !important;padding-left: 15px !important;background-color: #711415 !important;}&#8221;][vc_custom_heading source=&#8221;post_title&#8221; font_container=&#8221;tag:h1|text_align:center|color:%23ffffff&#8221; google_fonts=&#8221;font_family:Lora%3Aregular%2Citalic%2C700%2C700italic|font_style:400%20regular%3A400%3Anormal&#8221; css=&#8221;.vc_custom_1663771046353{margin-bottom: 30px !important;}&#8221;][vc_separator color=&#8221;white&#8221; el_width=&#8221;50&#8243;][vc_column_text]<\/p>\n<h3 style=\"text-align: center;\"><img loading=\"lazy\" decoding=\"async\" class=\" wp-image-1785 aligncenter\" src=\"https:\/\/casa-colonia.de\/wp-content\/uploads\/2021\/06\/raum-icon-1.png\" alt=\"\" width=\"40\" height=\"40\"><span style=\"color: #ffffff;\">15m\u00b2<\/span><\/h3>\n<p>[\/vc_column_text][vc_column_text]<\/p>\n<h3 style=\"text-align: center;\"><img loading=\"lazy\" decoding=\"async\" class=\"wp-image-1779 aligncenter\" src=\"https:\/\/casa-colonia.de\/wp-content\/uploads\/2021\/06\/bed-icon.png\" alt=\"\" width=\"40\" height=\"40\"><br \/>\n<span style=\"color: #ffffff;\">\u0141\u00f3\u017cko Queensize<\/span><\/h3>\n<p>[\/vc_column_text][vc_column_text]<\/p>\n<h3 style=\"text-align: center;\"><img loading=\"lazy\" decoding=\"async\" class=\"alignnone wp-image-1777\" src=\"https:\/\/casa-colonia.de\/wp-content\/uploads\/2021\/06\/baby-bed-icon.png\" alt=\"\" width=\"40\" height=\"40\"><\/h3>\n<h3 style=\"text-align: center;\"><span style=\"color: #ffffff;\">Z \u0142\u00f3\u017ceczkiem dzieci\u0119cym na \u017cyczenie<\/span><\/h3>\n<p>[\/vc_column_text][vc_separator color=&#8221;white&#8221; el_width=&#8221;50&#8243;][vc_custom_heading text=&#8221;od 79,00 \u20ac&#8221; font_container=&#8221;tag:p|font_size:30|text_align:center|color:%23e8e8e8&#8243; google_fonts=&#8221;font_family:Lora%3Aregular%2Citalic%2C700%2C700italic|font_style:400%20regular%3A400%3Anormal&#8221; el_class=&#8221;zimmer-preis&#8221;][vc_btn title=&#8221;Zarezerwuj teraz!&#8221; style=&#8221;flat&#8221; color=&#8221;white&#8221; size=&#8221;lg&#8221; align=&#8221;center&#8221; i_icon_fontawesome=&#8221;far fa-calendar&#8221; button_block=&#8221;true&#8221; add_icon=&#8221;true&#8221; link=&#8221;url:https%3A%2F%2Fcasa-colonia.de%2Fpl%2Frezerwacja%2F|title:Rezerwacja|&#8221; el_class=&#8221;buchen-button&#8221; css=&#8221;.vc_custom_1663770850527{margin-top: 25px !important;margin-bottom: 0px !important;}&#8221;][\/vc_column][\/vc_row][vc_row css=&#8221;.vc_custom_1663765744253{padding-top: 50px !important;}&#8221;][vc_column][vc_custom_heading text=&#8221;Projektowanie wn\u0119trz&#8221; google_fonts=&#8221;font_family:Lora%3Aregular%2Citalic%2C700%2C700italic|font_style:400%20regular%3A400%3Anormal&#8221; css=&#8221;.vc_custom_1663767233925{margin-bottom: 10px !important;}&#8221;]\n    <div class=\"nd_options_section nd_options_line_height_0  nd_options_text_align_left \">\n        <span style=\"height:1px;width:30px;background-color:#878787\" class=\"nd_options_display_inline_block\"><\/span>\n    <\/div>\n   [vc_row_inner css=&#8221;.vc_custom_1663767242215{margin-top: 50px !important;}&#8221;][vc_column_inner width=&#8221;1\/4&#8243;][vc_column_text]<img loading=\"lazy\" decoding=\"async\" class=\"alignnone size-full wp-image-4215\" src=\"https:\/\/casa-colonia.de\/wp-content\/uploads\/2022\/10\/icn_bed.png\" alt=\"\" width=\"30\" height=\"30\">\u0141\u00f3\u017cko Queensize (140cm x 200cm)[\/vc_column_text][\/vc_column_inner][vc_column_inner width=&#8221;1\/4&#8243;][vc_column_text]<img loading=\"lazy\" decoding=\"async\" class=\"alignnone wp-image-141\" src=\"https:\/\/casa-colonia.de\/wp-content\/uploads\/2021\/06\/icn_tv.png\" alt=\"\" width=\"30\" height=\"30\"> P\u0142aski telewizor[\/vc_column_text][\/vc_column_inner][vc_column_inner width=&#8221;1\/4&#8243;][vc_column_text]<img loading=\"lazy\" decoding=\"async\" class=\"alignnone wp-image-127\" src=\"https:\/\/casa-colonia.de\/wp-content\/uploads\/2021\/06\/icn_wifi.png\" alt=\"\" width=\"30\" height=\"30\"> Bezp\u0142atne wifi[\/vc_column_text][\/vc_column_inner][vc_column_inner width=&#8221;1\/4&#8243;][vc_column_text]<img loading=\"lazy\" decoding=\"async\" class=\"alignnone wp-image-137\" src=\"https:\/\/casa-colonia.de\/wp-content\/uploads\/2021\/06\/icn_minibar.png\" alt=\"\" width=\"30\" height=\"30\">Minibar[\/vc_column_text][\/vc_column_inner][\/vc_row_inner][vc_row_inner][vc_column_inner width=&#8221;1\/4&#8243;][vc_column_text]<img loading=\"lazy\" decoding=\"async\" class=\"alignnone wp-image-143\" src=\"https:\/\/casa-colonia.de\/wp-content\/uploads\/2021\/06\/icn_wc.png\" alt=\"\" width=\"30\" height=\"30\"> WC[\/vc_column_text][\/vc_column_inner][vc_column_inner width=&#8221;1\/4&#8243;][vc_column_text]<img loading=\"lazy\" decoding=\"async\" class=\"alignnone wp-image-132\" src=\"https:\/\/casa-colonia.de\/wp-content\/uploads\/2021\/06\/icn_dusche.png\" alt=\"\" width=\"30\" height=\"30\"> Prysznic[\/vc_column_text][\/vc_column_inner][vc_column_inner width=&#8221;1\/4&#8243;][vc_column_text]<img loading=\"lazy\" decoding=\"async\" class=\"alignnone wp-image-133\" src=\"https:\/\/casa-colonia.de\/wp-content\/uploads\/2021\/06\/icn_haartrockner.png\" alt=\"\" width=\"30\" height=\"30\"> Suszarka do w\u0142os\u00f3w[\/vc_column_text][\/vc_column_inner][vc_column_inner width=&#8221;1\/4&#8243;][vc_column_text]<img loading=\"lazy\" decoding=\"async\" class=\"alignnone size-full wp-image-4223\" src=\"https:\/\/casa-colonia.de\/wp-content\/uploads\/2022\/10\/icn_schallschutztu%CC%88r.png\" alt=\"\" width=\"30\" height=\"30\">Drzwi d\u017awi\u0119koszczelne[\/vc_column_text][\/vc_column_inner][\/vc_row_inner][\/vc_column][\/vc_row][vc_row][vc_column][\/vc_column][\/vc_row][vc_row css=&#8221;.vc_custom_1623835158393{padding-top: 64px !important;}&#8221;][vc_column][vc_custom_heading text=&#8221;Wi\u0119cej pomieszcze\u0144&#8221; google_fonts=&#8221;font_family:Lora%3Aregular%2Citalic%2C700%2C700italic|font_style:400%20regular%3A400%3Anormal&#8221; css=&#8221;.vc_custom_1663766474415{margin-bottom: 10px !important;}&#8221;]\n    <div class=\"nd_options_section nd_options_line_height_0  nd_options_text_align_left \">\n        <span style=\"height:1px;width:30px;background-color:#878787\" class=\"nd_options_display_inline_block\"><\/span>\n    <\/div>\n   [vc_row_inner css=&#8221;.vc_custom_1663766480406{margin-top: 50px !important;}&#8221;][vc_column_inner width=&#8221;1\/3&#8243;][vc_single_image image=&#8221;3851&#8243; img_size=&#8221;medium&#8221; onclick=&#8221;custom_link&#8221; el_class=&#8221;other-rooms-image&#8221; link=&#8221;\/Pokoj-trzyosobowy\/&#8221;][vc_custom_heading text=&#8221;Pok\u00f3j trzyosobowy&#8221; font_container=&#8221;tag:h3|text_align:left|color:%23878787&#8243; google_fonts=&#8221;font_family:Lora%3Aregular%2Citalic%2C700%2C700italic|font_style:400%20regular%3A400%3Anormal&#8221; link=&#8221;url:https%3A%2F%2Fcasa-colonia.de%2Fde%2Fdreibettzimmer%2F|title:Pok%C3%B3j%20trzyosobowy|&#8221;][vc_column_text el_class=&#8221;zimmer-preis-section&#8221;]35 m\u00b2 | od 129,00 \u20ac[\/vc_column_text][vc_btn title=&#8221;Dowiedz si\u0119 wi\u0119cej&#8221; style=&#8221;outline-custom&#8221; outline_custom_color=&#8221;#711415&#8243; outline_custom_hover_background=&#8221;#711415&#8243; outline_custom_hover_text=&#8221;#ffffff&#8221; shape=&#8221;square&#8221; link=&#8221;url:https%3A%2F%2Fcasa-colonia.de%2Fde%2Fdreibettzimmer%2F|title:Pok%C3%B3j%20trzyosobowy|&#8221;][\/vc_column_inner][vc_column_inner width=&#8221;1\/3&#8243;][vc_single_image image=&#8221;3863&#8243; img_size=&#8221;medium&#8221; onclick=&#8221;custom_link&#8221; el_class=&#8221;other-rooms-image&#8221; link=&#8221;\/pokoj-rodzinny\/&#8221;][vc_custom_heading text=&#8221;Pok\u00f3j rodzinny&#8221; font_container=&#8221;tag:h3|text_align:left|color:%23878787&#8243; google_fonts=&#8221;font_family:Lora%3Aregular%2Citalic%2C700%2C700italic|font_style:400%20regular%3A400%3Anormal&#8221; link=&#8221;url:https%3A%2F%2Fcasa-colonia.de%2Fpl%2Fpokoj%2Fpokoj-rodzinny%2F|title:Pok%C3%B3j%20rodzinny|&#8221;][vc_column_text el_class=&#8221;zimmer-preis-section&#8221;]40 m\u00b2 | od 159,00 \u20ac[\/vc_column_text][vc_btn title=&#8221;Dowiedz si\u0119 wi\u0119cej&#8221; style=&#8221;outline-custom&#8221; outline_custom_color=&#8221;#711415&#8243; outline_custom_hover_background=&#8221;#711415&#8243; outline_custom_hover_text=&#8221;#ffffff&#8221; shape=&#8221;square&#8221; link=&#8221;url:https%3A%2F%2Fcasa-colonia.de%2Fpl%2Fpokoj%2Fpokoj-rodzinny%2F|title:Pok%C3%B3j%20rodzinny|&#8221;][\/vc_column_inner][vc_column_inner width=&#8221;1\/3&#8243;][vc_single_image image=&#8221;3930&#8243; img_size=&#8221;medium&#8221; onclick=&#8221;custom_link&#8221; el_class=&#8221;other-rooms-image&#8221; link=&#8221;\/pokoj-dwuosobowy\/&#8221;][vc_custom_heading text=&#8221;Pok\u00f3j dwuosobowy&#8221; font_container=&#8221;tag:h3|text_align:left|color:%23878787&#8243; google_fonts=&#8221;font_family:Lora%3Aregular%2Citalic%2C700%2C700italic|font_style:400%20regular%3A400%3Anormal&#8221; link=&#8221;url:https%3A%2F%2Fcasa-colonia.de%2Fde%2Fdoppelzimmer%2F|title:Pok%C3%B3j%20dwuosobowy|&#8221;][vc_column_text el_class=&#8221;zimmer-preis-section&#8221;]23 m\u00b2 | od 99,00 \u20ac[\/vc_column_text][vc_btn title=&#8221;Dowiedz si\u0119 wi\u0119cej&#8221; style=&#8221;outline-custom&#8221; outline_custom_color=&#8221;#711415&#8243; outline_custom_hover_background=&#8221;#711415&#8243; outline_custom_hover_text=&#8221;#ffffff&#8221; shape=&#8221;square&#8221; link=&#8221;url:https%3A%2F%2Fcasa-colonia.de%2Fde%2Fdoppelzimmer%2F|title:Pok%C3%B3j%20dwuosobowy|&#8221;][\/vc_column_inner][\/vc_row_inner][\/vc_column][\/vc_row]<\/p>\n<\/div>","protected":false},"excerpt":{"rendered":"<p>[vc_row gap=&#8221;25&#8243;][vc_column width=&#8221;2\/3&#8243;][vc_single_image image=&#8221;3872&#8243; img_size=&#8221;large&#8221; css=&#8221;.vc_custom_1663768489090{margin-top: 0px !important;margin-bottom: 0px !important;padding-top: 0px !important;padding-bottom: 0px !important;}&#8221;][vc_custom_heading source=&#8221;post_title&#8221; font_container=&#8221;tag:h2|font_size:16px|text_align:left&#8221; google_fonts=&#8221;font_family:Lora%3Aregular%2Citalic%2C700%2C700italic|font_style:700%20bold%20regular%3A700%3Anormal&#8221;][vc_column_text]Ten przestronny i nowoczesny pok\u00f3j jednoosobowy wyposa\u017cony jest w meble wykonane na zam\u00f3wienie oraz dyskretne elementy wystroju i przekonuje swoj\u0105 najwy\u017csz\u0105 prostot\u0105 dzi\u0119ki atrakcyjnej i niezwyk\u0142ej atmosferze.[\/vc_column_text][\/vc_column][vc_column width=&#8221;1\/3&#8243; css=&#8221;.vc_custom_1663766052742{padding-top: 35px !important;padding-right: 15px !important;padding-bottom: 35px !important;padding-left: 15px !important;background-color: #711415 !important;}&#8221;][vc_custom_heading [&hellip;]<\/p>\n","protected":false},"author":2,"featured_media":3898,"parent":4149,"menu_order":0,"comment_status":"closed","ping_status":"closed","template":"","meta":{"footnotes":""},"class_list":["post-4153","page","type-page","status-publish","has-post-thumbnail","hentry"],"aioseo_notices":[],"amp_enabled":true,"_links":{"self":[{"href":"https:\/\/casa-colonia.de\/pl\/wp-json\/wp\/v2\/pages\/4153","targetHints":{"allow":["GET"]}}],"collection":[{"href":"https:\/\/casa-colonia.de\/pl\/wp-json\/wp\/v2\/pages"}],"about":[{"href":"https:\/\/casa-colonia.de\/pl\/wp-json\/wp\/v2\/types\/page"}],"author":[{"embeddable":true,"href":"https:\/\/casa-colonia.de\/pl\/wp-json\/wp\/v2\/users\/2"}],"replies":[{"embeddable":true,"href":"https:\/\/casa-colonia.de\/pl\/wp-json\/wp\/v2\/comments?post=4153"}],"version-history":[{"count":41,"href":"https:\/\/casa-colonia.de\/pl\/wp-json\/wp\/v2\/pages\/4153\/revisions"}],"predecessor-version":[{"id":23791,"href":"https:\/\/casa-colonia.de\/pl\/wp-json\/wp\/v2\/pages\/4153\/revisions\/23791"}],"up":[{"embeddable":true,"href":"https:\/\/casa-colonia.de\/pl\/wp-json\/wp\/v2\/pages\/4149"}],"wp:featuredmedia":[{"embeddable":true,"href":"https:\/\/casa-colonia.de\/pl\/wp-json\/wp\/v2\/media\/3898"}],"wp:attachment":[{"href":"https:\/\/casa-colonia.de\/pl\/wp-json\/wp\/v2\/media?parent=4153"}],"curies":[{"name":"wp","href":"https:\/\/api.w.org\/{rel}","templated":true}]}}