{"id":6228,"date":"2022-11-14T08:45:42","date_gmt":"2022-11-14T08:45:42","guid":{"rendered":"https:\/\/casa-colonia.de\/de-situatie\/"},"modified":"2025-06-06T14:45:03","modified_gmt":"2025-06-06T14:45:03","slug":"de-situatie","status":"publish","type":"page","link":"https:\/\/casa-colonia.de\/nl\/de-situatie\/","title":{"rendered":"De situatie"},"content":{"rendered":"<div class=\"wpb-content-wrapper\"><p>[vc_section css=&#8221;.vc_custom_1667569781885{margin-bottom: 50px !important;border-top-width: 8px !important;border-right-width: 8px !important;border-bottom-width: 8px !important;border-left-width: 8px !important;padding-top: 5% !important;padding-right: 5% !important;padding-bottom: 5% !important;padding-left: 5% !important;border-left-color: #701414 !important;border-left-style: double !important;border-right-color: #701414 !important;border-right-style: double !important;border-top-color: #701414 !important;border-top-style: double !important;border-bottom-color: #701414 !important;border-bottom-style: double !important;}&#8221;][vc_row][vc_column][vc_text_separator title=&#8221;Hotel dichtbij&#8230;&#8221; color=&#8221;custom&#8221; accent_color=&#8221;#701414&#8243; el_class=&#8221;text-mit-trennlinie&#8221;][\/vc_column][\/vc_row][vc_row][vc_column width=&#8221;1\/3&#8243;][vc_column_text el_class=&#8221;text-mit-trennlinie-sm&#8221;]<\/p>\n<h3>Dichtbij<\/h3>\n<p>[\/vc_column_text][vc_row_inner css=&#8221;.vc_custom_1667568019662{margin-top: 0px !important;margin-bottom: 0px !important;}&#8221; el_class=&#8221;auflistung-orte&#8221;][vc_column_inner width=&#8221;4\/5&#8243;][vc_column_text]<\/p>\n<p style=\"font-size: 14px;\">Karl Band Plein<\/p>\n<p>[\/vc_column_text][vc_column_text]<\/p>\n<p style=\"font-size: 14px;\">Museum Ludwig<\/p>\n<p>[\/vc_column_text][vc_column_text]<\/p>\n<p style=\"font-size: 14px;\">Hohenzollern Brug<\/p>\n<p>[\/vc_column_text][vc_column_text]<\/p>\n<p style=\"font-size: 14px;\">Romeins-Germaans Museum<\/p>\n<p>[\/vc_column_text][vc_column_text]<\/p>\n<p style=\"font-size: 14px;\">Keulen Oude Markt<\/p>\n<p>[\/vc_column_text][vc_column_text]<\/p>\n<p style=\"font-size: 14px;\">Klingelp\u00fctzpark<\/p>\n<p>[\/vc_column_text][vc_column_text]<\/p>\n<p style=\"font-size: 14px;\">Museum voor Toegepaste Kunst<\/p>\n<p>[\/vc_column_text][vc_column_text]<\/p>\n<p style=\"font-size: 14px;\">Keulen Driehoek<\/p>\n<p>[\/vc_column_text][vc_column_text]<\/p>\n<p style=\"font-size: 14px;\">East Meadow State House<\/p>\n<p>[\/vc_column_text][vc_column_text]<\/p>\n<p style=\"font-size: 14px;\">Kolumba<\/p>\n<p>[\/vc_column_text][\/vc_column_inner][vc_column_inner width=&#8221;1\/5&#8243;][vc_column_text]<\/p>\n<p style=\"font-size: 14px; text-align: right;\">150m<\/p>\n<p>[\/vc_column_text][vc_column_text]<\/p>\n<p style=\"font-size: 14px; text-align: right;\">600m<\/p>\n<p>[\/vc_column_text][vc_column_text]<\/p>\n<p style=\"font-size: 14px; text-align: right;\">600m<\/p>\n<p>[\/vc_column_text][vc_column_text]<\/p>\n<p style=\"font-size: 14px; text-align: right;\">600m<\/p>\n<p>[\/vc_column_text][vc_column_text]<\/p>\n<p style=\"font-size: 14px; text-align: right;\">800m<\/p>\n<p>[\/vc_column_text][vc_column_text]<\/p>\n<p style=\"font-size: 14px; text-align: right;\">800m<\/p>\n<p>[\/vc_column_text][vc_column_text]<\/p>\n<p style=\"font-size: 14px; text-align: right;\">850m<\/p>\n<p>[\/vc_column_text][vc_column_text]<\/p>\n<p style=\"font-size: 14px; text-align: right;\">950m<\/p>\n<p>[\/vc_column_text][vc_column_text]<\/p>\n<p style=\"font-size: 14px; text-align: right;\">950m<\/p>\n<p>[\/vc_column_text][vc_column_text]<\/p>\n<p style=\"font-size: 14px; text-align: right;\">950m<\/p>\n<p>[\/vc_column_text][\/vc_column_inner][\/vc_row_inner][\/vc_column][vc_column width=&#8221;1\/3&#8243;][vc_column_text el_class=&#8221;text-mit-trennlinie-sm&#8221;]<\/p>\n<h3>Topattracties<\/h3>\n<p>[\/vc_column_text][vc_row_inner css=&#8221;.vc_custom_1667568037438{margin-top: 0px !important;margin-bottom: 0px !important;}&#8221; el_class=&#8221;auflistung-orte&#8221;][vc_column_inner width=&#8221;4\/5&#8243;][vc_column_text]Dom van Keulen[\/vc_column_text][vc_column_text]<\/p>\n<p style=\"font-size: 14px;\">Wallraf-Richardtz-Museum<\/p>\n<p>[\/vc_column_text][vc_column_text]<\/p>\n<p style=\"font-size: 14px;\">Beurs van Keulen \/ Deutz<\/p>\n<p>[\/vc_column_text][vc_column_text]<\/p>\n<p style=\"font-size: 14px;\">NS-documentatiecentrum<\/p>\n<p>[\/vc_column_text][vc_column_text]<\/p>\n<p style=\"font-size: 14px;\">Toren van Keulen<\/p>\n<p>[\/vc_column_text][vc_column_text]<\/p>\n<p style=\"font-size: 14px;\">Neumarkt Keulen<\/p>\n<p>[\/vc_column_text][vc_column_text]<\/p>\n<p style=\"font-size: 14px;\">Chocolade Museum Keulen<\/p>\n<p>[\/vc_column_text][vc_column_text]<\/p>\n<p style=\"font-size: 14px;\">Botanische tuin Flora<\/p>\n<p>[\/vc_column_text][vc_column_text]<\/p>\n<p style=\"font-size: 14px;\">Lanxess Arena Keulen<\/p>\n<p>[\/vc_column_text][vc_column_text]<\/p>\n<p style=\"font-size: 14px;\">Tv-toren Keulen<\/p>\n<p>[\/vc_column_text][vc_column_text]<\/p>\n<p style=\"font-size: 14px;\">Museum van Oost-Aziatische Kunst<\/p>\n<p>[\/vc_column_text][vc_column_text]<\/p>\n<p style=\"font-size: 14px;\">Kasteel Augustusburg<\/p>\n<p>[\/vc_column_text][vc_column_text]<\/p>\n<p style=\"font-size: 14px;\">Kasteel Falkenlust<\/p>\n<p>[\/vc_column_text][vc_column_text]<\/p>\n<p style=\"font-size: 14px;\">Kasteel Bruehl<\/p>\n<p>[\/vc_column_text][\/vc_column_inner][vc_column_inner width=&#8221;1\/5&#8243;][vc_column_text]<\/p>\n<p style=\"font-size: 14px; text-align: right;\">550m<\/p>\n<p>[\/vc_column_text][vc_column_text]<\/p>\n<p style=\"font-size: 14px; text-align: right;\">950m<\/p>\n<p>[\/vc_column_text][vc_column_text]<\/p>\n<p style=\"font-size: 14px; text-align: right;\">1km<\/p>\n<p>[\/vc_column_text][vc_column_text]<\/p>\n<p style=\"font-size: 14px; text-align: right;\">1km<\/p>\n<p>[\/vc_column_text][vc_column_text]<\/p>\n<p style=\"font-size: 14px; text-align: right;\">1,3km<\/p>\n<p>[\/vc_column_text][vc_column_text]<\/p>\n<p style=\"font-size: 14px; text-align: right;\">1,5km<\/p>\n<p>[\/vc_column_text][vc_column_text]<\/p>\n<p style=\"font-size: 14px; text-align: right;\">1,5km<\/p>\n<p>[\/vc_column_text][vc_column_text]<\/p>\n<p style=\"font-size: 14px; text-align: right;\">1,6km<\/p>\n<p>[\/vc_column_text][vc_column_text]<\/p>\n<p style=\"font-size: 14px; text-align: right;\">1,7km<\/p>\n<p>[\/vc_column_text][vc_column_text]<\/p>\n<p style=\"font-size: 14px; text-align: right;\">2,1km<\/p>\n<p>[\/vc_column_text][vc_column_text]<\/p>\n<p style=\"font-size: 14px; text-align: right;\">2,8km<\/p>\n<p>[\/vc_column_text][vc_column_text]<\/p>\n<p style=\"font-size: 14px; text-align: right;\">14km<\/p>\n<p>[\/vc_column_text][vc_column_text]<\/p>\n<p style=\"font-size: 14px; text-align: right;\">14km<\/p>\n<p>[\/vc_column_text][vc_column_text]<\/p>\n<p style=\"font-size: 14px; text-align: right;\">14km<\/p>\n<p>[\/vc_column_text][\/vc_column_inner][\/vc_row_inner][\/vc_column][vc_column width=&#8221;1\/3&#8243;][vc_column_text el_class=&#8221;text-mit-trennlinie-sm&#8221;]<\/p>\n<h3>Lokaal verkeer<\/h3>\n<p>[\/vc_column_text][vc_row_inner css=&#8221;.vc_custom_1667568134395{margin-top: 0px !important;margin-bottom: 0px !important;}&#8221; el_class=&#8221;auflistung-orte&#8221;][vc_column_inner width=&#8221;4\/5&#8243;][vc_column_text]<\/p>\n<p style=\"font-size: 14px;\">Trein &#8211; Keulen Centraal Station<\/p>\n<p>[\/vc_column_text][vc_column_text]<\/p>\n<p style=\"font-size: 14px;\">Ondergronds &#8211; metrostation Dom\/Hbf<\/p>\n<p>[\/vc_column_text][vc_column_text]<\/p>\n<p style=\"font-size: 14px;\">Ondergronds &#8211; metrostation Ebertplatz<\/p>\n<p>[\/vc_column_text][\/vc_column_inner][vc_column_inner width=&#8221;1\/5&#8243;][vc_column_text]<\/p>\n<p style=\"font-size: 14px; text-align: right;\">400m<\/p>\n<p>[\/vc_column_text][vc_column_text]<\/p>\n<p style=\"font-size: 14px; text-align: right;\">400m<\/p>\n<p>[\/vc_column_text][vc_column_text]<\/p>\n<p style=\"font-size: 14px; text-align: right;\">600m<\/p>\n<p>[\/vc_column_text][\/vc_column_inner][\/vc_row_inner][vc_column_text el_class=&#8221;text-mit-trennlinie-sm&#8221;]<\/p>\n<h3>Luchthavens<\/h3>\n<p>[\/vc_column_text][vc_row_inner css=&#8221;.vc_custom_1667568151376{margin-top: 0px !important;margin-bottom: 0px !important;}&#8221; el_class=&#8221;auflistung-orte&#8221;][vc_column_inner width=&#8221;4\/5&#8243;][vc_column_text]<\/p>\n<p style=\"font-size: 14px;\">Keulen\/Bonn Luchthaven<\/p>\n<p>[\/vc_column_text][vc_column_text]<\/p>\n<p style=\"font-size: 14px;\">Luchthaven D\u00fcsseldorf<\/p>\n<p>[\/vc_column_text][vc_column_text]<\/p>\n<p style=\"font-size: 14px;\">Essen\/M\u00fclheim Luchthaven<\/p>\n<p>[\/vc_column_text][\/vc_column_inner][vc_column_inner width=&#8221;1\/5&#8243;][vc_column_text]<\/p>\n<p style=\"font-size: 14px; text-align: right;\">15km<\/p>\n<p>[\/vc_column_text][vc_column_text]<\/p>\n<p style=\"font-size: 14px; text-align: right;\">40km<\/p>\n<p>[\/vc_column_text][vc_column_text]<\/p>\n<p style=\"font-size: 14px; text-align: right;\">51km<\/p>\n<p>[\/vc_column_text][\/vc_column_inner][\/vc_row_inner][vc_column_text el_class=&#8221;text-mit-trennlinie-sm&#8221;]<\/p>\n<h3>Landschap<\/h3>\n<p>[\/vc_column_text][vc_row_inner css=&#8221;.vc_custom_1667568182201{margin-top: 0px !important;margin-bottom: 0px !important;}&#8221; el_class=&#8221;auflistung-orte&#8221;][vc_column_inner width=&#8221;4\/5&#8243;][vc_column_text]<\/p>\n<p style=\"font-size: 14px;\">Rivier &#8211; Rijn<\/p>\n<p>[\/vc_column_text][\/vc_column_inner][vc_column_inner width=&#8221;1\/5&#8243;][vc_column_text]<\/p>\n<p style=\"font-size: 14px; text-align: right;\">200m<\/p>\n<p>[\/vc_column_text][\/vc_column_inner][\/vc_row_inner][\/vc_column][\/vc_row][vc_row css=&#8221;.vc_custom_1667893984075{margin-top: 30px !important;margin-bottom: 0px !important;}&#8221;][vc_column][vc_column_text]<\/p>\n<p style=\"color: #999999; font-size: 11px; text-align: center;\">Alle afstanden zijn gebaseerd op metingen vanuit de lucht. De werkelijke reisafstand kan vari\u00ebren.<\/p>\n<p>[\/vc_column_text][\/vc_column][\/vc_row][\/vc_section][vc_row equal_height=&#8221;yes&#8221; content_placement=&#8221;bottom&#8221;][vc_column width=&#8221;1\/2&#8243; css=&#8221;.vc_custom_1667907872754{margin-top: 0px !important;margin-right: 0px !important;margin-bottom: 0px !important;margin-left: 0px !important;padding-top: 0px !important;padding-right: 0px !important;padding-bottom: 0px !important;padding-left: 0px !important;background: #701414 url(https:\/\/casa-colonia.de\/wp-content\/uploads\/2022\/11\/high-speed-train-on-the-railway-station-at-night-2021-08-26-17-00-56-utc-scaled-e1667907398912.jpg?id=6098) !important;background-position: center !important;background-repeat: no-repeat !important;background-size: cover !important;}&#8221;][\/vc_column][vc_column width=&#8221;1\/2&#8243; css=&#8221;.vc_custom_1667827953245{margin-top: 8% !important;margin-right: 8% !important;margin-bottom: 8% !important;margin-left: 8% !important;}&#8221;][vc_column_text el_class=&#8221;text-mit-trennlinie-sm&#8221;]<\/p>\n<h3 style=\"font-size: 22px;\">Treinstation<\/h3>\n<p>[\/vc_column_text][vc_column_text]<\/p>\n<p style=\"text-align: justify; line-height: 24px;\">De centrale ligging van hotel Casa Colonia biedt ideale verbindingen met het centraal station van Keulen. Het Centraal Station van Keulen is het knooppunt voor lokaal en interlokaal verkeer in Keulen en biedt je een milieuvriendelijke manier van reizen. Het treinstation ligt zeer dicht bij het hotel en op slechts 3 minuten lopen of 300 meter van het hotel. De aansluiting op het openbaar vervoer is ideaal. U kunt vanaf het hoofdstation\/Breslauer Platz of vanaf de nabijgelegen Ebertplatz gemakkelijk uitwaaieren in werkelijk alle richtingen van de stad. Het Cologne Central Station Hotel biedt de ideale locatie voor een stedentrip.<\/p>\n<p>[\/vc_column_text][\/vc_column][\/vc_row][vc_row equal_height=&#8221;yes&#8221; content_placement=&#8221;bottom&#8221;][vc_column width=&#8221;1\/2&#8243; css=&#8221;.vc_custom_1667827953245{margin-top: 8% !important;margin-right: 8% !important;margin-bottom: 8% !important;margin-left: 8% !important;}&#8221;][vc_column_text el_class=&#8221;text-mit-trennlinie-sm&#8221; css=&#8221;.vc_custom_1749221076823{margin-top: 0px !important;margin-right: 0px !important;margin-bottom: 0px !important;margin-left: 0px !important;padding-top: 0px !important;padding-right: 0px !important;padding-bottom: 0px !important;padding-left: 0px !important;}&#8221;]<\/p>\n<h3 style=\"font-size: 22px;\">Keulen Dom<\/h3>\n<p>[\/vc_column_text][vc_column_text]<\/p>\n<p style=\"text-align: justify; line-height: 24px;\">De Dom van Keulen of de Hoge Kathedrale Kerk van Sint Pieter is het ori\u00ebntatiepunt van de stad Keulen. Samen met de Keulse televisietoren vormen deze twee bezienswaardigheden de belangrijkste protagonisten van de Keulse skyline. Het gratis bezoek aan de Dom van Keulen, buiten de kerkdiensten om, is een goed begin van de sightseeing in Keulen. Ook is er de mogelijkheid om tegen betaling de schatkamer van de kathedraal te bezoeken. Dit omvat een groot aantal oude en kostbare relikwie\u00ebn, liturgische instrumenten, manuscripten, gewaden en insignes van verschillende aartsbisschoppen en kathedrale geestelijken van de 4e tot de 20e eeuw. Hotel Casa Colonia is het ideale uitgangspunt voor dit bezoek.<\/p>\n<p>[\/vc_column_text][\/vc_column][vc_column width=&#8221;1\/2&#8243; css=&#8221;.vc_custom_1667907892033{margin-top: 0px !important;margin-right: 0px !important;margin-bottom: 0px !important;margin-left: 0px !important;padding-top: 0px !important;padding-right: 0px !important;padding-bottom: 0px !important;padding-left: 0px !important;background: rgba(112,20,20,0.7) url(https:\/\/casa-colonia.de\/wp-content\/uploads\/2022\/11\/night-view-of-cologne-cathedral-germany-europe-2021-08-27-06-38-37-utc-scaled-e1667907497830.jpg?id=6105) !important;background-position: center !important;background-repeat: no-repeat !important;background-size: cover !important;*background-color: rgb(112,20,20) !important;}&#8221;][\/vc_column][\/vc_row][vc_row equal_height=&#8221;yes&#8221; content_placement=&#8221;bottom&#8221;][vc_column width=&#8221;1\/2&#8243; css=&#8221;.vc_custom_1667907904659{margin-top: 0px !important;margin-right: 0px !important;margin-bottom: 0px !important;margin-left: 0px !important;padding-top: 0px !important;padding-right: 0px !important;padding-bottom: 0px !important;padding-left: 0px !important;background: #701414 url(https:\/\/casa-colonia.de\/wp-content\/uploads\/2022\/11\/MicrosoftTeams-image-scaled-e1667907825829.jpg?id=6123) !important;background-position: center !important;background-repeat: no-repeat !important;background-size: cover !important;}&#8221;][\/vc_column][vc_column width=&#8221;1\/2&#8243; css=&#8221;.vc_custom_1667827953245{margin-top: 8% !important;margin-right: 8% !important;margin-bottom: 8% !important;margin-left: 8% !important;}&#8221;][vc_column_text el_class=&#8221;text-mit-trennlinie-sm&#8221;]<\/p>\n<h3 style=\"font-size: 22px;\">Lanxess Arena<\/h3>\n<p>[\/vc_column_text][vc_column_text]<\/p>\n<p style=\"text-align: justify; line-height: 24px;\">De Lanxess Arena ligt in de directe omgeving van ons hotel. Het in de volksmond bekende &#8220;Henkelm\u00e4nnchen&#8221; is een multifunctionele hal in Keulen-Deutz. Met maximaal 20.000 zitplaatsen is het de grootste evenementenhal van Duitsland en een van de grootste en modernste evenementenhallen ter wereld. De Lanxess Arena is de locatie voor de meest uiteenlopende evenementen, zoals comedyshows, musicals, sportevenementen, concerten of conferenties. Dankzij de centrale ligging van Hotel Casa Colonia bereikt u de Lanxess Arena rechtstreeks met de auto of het openbaar vervoer of binnen 30 minuten lopen.<\/p>\n<p>[\/vc_column_text][\/vc_column][\/vc_row][vc_row equal_height=&#8221;yes&#8221; content_placement=&#8221;bottom&#8221;][vc_column width=&#8221;1\/2&#8243; css=&#8221;.vc_custom_1667827953245{margin-top: 8% !important;margin-right: 8% !important;margin-bottom: 8% !important;margin-left: 8% !important;}&#8221;][vc_column_text el_class=&#8221;text-mit-trennlinie-sm&#8221;]<\/p>\n<h3 style=\"font-size: 22px;\">Keulen Centrum<\/h3>\n<p>[\/vc_column_text][vc_column_text]<\/p>\n<p style=\"text-align: justify; line-height: 24px;\">Door de uitstekende en centrale ligging van ons hotel kunt u alle belangrijke bezienswaardigheden te voet of met het openbaar vervoer bereiken. Bijvoorbeeld de Dom van Keulen, de Hohenzollernbrug, de TV-toren van Keulen, het Chocolademuseum en vele andere musea. Het centrum van Keulen is te voet in slechts 10 minuten te bereiken. Hier kunt u een unieke mix verwachten van gerenommeerde winkels, restaurants, brouwerijen en prominente pleinen, genesteld tussen historische huizen en schilderachtige steegjes.<\/p>\n<p>[\/vc_column_text][\/vc_column][vc_column width=&#8221;1\/2&#8243; css=&#8221;.vc_custom_1667907920549{margin-top: 0px !important;margin-right: 0px !important;margin-bottom: 0px !important;margin-left: 0px !important;padding-top: 0px !important;padding-right: 0px !important;padding-bottom: 0px !important;padding-left: 0px !important;background: rgba(112,20,20,0.5) url(https:\/\/casa-colonia.de\/wp-content\/uploads\/2022\/11\/cologne-koln-germany-during-sunset-cologne-bridge-2022-08-13-21-33-39-utc-scaled-e1667906991787.jpg?id=6073) !important;background-position: center !important;background-repeat: no-repeat !important;background-size: cover !important;*background-color: rgb(112,20,20) !important;}&#8221;][\/vc_column][\/vc_row][vc_row equal_height=&#8221;yes&#8221; content_placement=&#8221;bottom&#8221;][vc_column width=&#8221;1\/2&#8243; css=&#8221;.vc_custom_1667907931936{margin-top: 0px !important;margin-right: 0px !important;margin-bottom: 0px !important;margin-left: 0px !important;padding-top: 0px !important;padding-right: 0px !important;padding-bottom: 0px !important;padding-left: 0px !important;background: rgba(112,20,20,0.75) url(https:\/\/casa-colonia.de\/wp-content\/uploads\/2022\/11\/asian-woman-standing-in-trade-fair-exhibition-hall-2022-08-01-01-59-50-utc-scaled-e1667907583318.jpg?id=6111) !important;background-position: center !important;background-repeat: no-repeat !important;background-size: cover !important;*background-color: rgb(112,20,20) !important;}&#8221;][\/vc_column][vc_column width=&#8221;1\/2&#8243; css=&#8221;.vc_custom_1667827953245{margin-top: 8% !important;margin-right: 8% !important;margin-bottom: 8% !important;margin-left: 8% !important;}&#8221;][vc_column_text el_class=&#8221;text-mit-trennlinie-sm&#8221;]<\/p>\n<h3 style=\"font-size: 22px;\">Beurs van Keulen<\/h3>\n<p>[\/vc_column_text][vc_column_text]<\/p>\n<p style=\"text-align: justify; line-height: 24px;\">Dankzij de centrale ligging van Casa Colonia kunt u het tentoonstellingsterrein van de K\u00f6ln-Messe te voet bereiken via de Hohenzollernbr\u00fccke (de beroemde &#8220;Liebesschlossbr\u00fccke&#8221;) of u kunt de tram nemen voor slechts \u00e9\u00e9n halte. In de wereldberoemde K\u00f6ln-Messe vinden jaarlijks ongeveer 80 beurzen, tentoonstellingen en evenementen plaats. Daartoe behoren de computer- en videospellenbeurs &#8220;GamesCom&#8221;, de fitness- en gezondheidsbeurs &#8220;FiBo&#8221;, de levensmiddelen- en drankenbeurs &#8220;anuga&#8221; en vele andere. Vertaald met www.DeepL.com\/Translator (gratis versie) <a style=\"color: #701414;\" href=\"https:\/\/www.koelnmesse.de\/aktuelle-termine\/alle-messen\/\">Klik hier voor de beurskalender.<\/a><\/p>\n<p>[\/vc_column_text][\/vc_column][\/vc_row][vc_row equal_height=&#8221;yes&#8221; content_placement=&#8221;bottom&#8221;][vc_column width=&#8221;1\/2&#8243; css=&#8221;.vc_custom_1667827953245{margin-top: 8% !important;margin-right: 8% !important;margin-bottom: 8% !important;margin-left: 8% !important;}&#8221;][vc_column_text el_class=&#8221;text-mit-trennlinie-sm&#8221;]<\/p>\n<h3 style=\"font-size: 22px;\">Dierentuin van Keulen<\/h3>\n<p>[\/vc_column_text][vc_column_text]<\/p>\n<p style=\"text-align: justify; line-height: 24px;\">De dierentuin van Keulen, opgericht in 1860, is de op twee na oudste dierentuin van Duitsland en een van de meest bezochte instellingen in zijn soort in Duitsland. De dierentuin, dicht bij het hotel, is gespecialiseerd in het fokken van bedreigde diersoorten. Het biedt de perfecte bestemming voor gezinnen en kinderen. De dierentuin van Keulen ligt op 25 minuten lopen van het hotel en kan worden gecombineerd met een mooie wandeling langs de Rijn. Het Casa Colonia Hotel Cologne nabij de dierentuin is het ideale uitgangspunt voor een gezinsuitstapje naar de dierentuin van Keulen.<\/p>\n<p>[\/vc_column_text][\/vc_column][vc_column width=&#8221;1\/2&#8243; css=&#8221;.vc_custom_1667907943606{margin-top: 0px !important;margin-right: 0px !important;margin-bottom: 0px !important;margin-left: 0px !important;padding-top: 0px !important;padding-right: 0px !important;padding-bottom: 0px !important;padding-left: 0px !important;background: #701414 url(https:\/\/casa-colonia.de\/wp-content\/uploads\/2022\/11\/a-tiger-is-lying-in-the-river-around-the-rocks-and-2022-01-29-08-09-48-utc-scaled-e1667907678290.jpg?id=6117) !important;background-position: center !important;background-repeat: no-repeat !important;background-size: cover !important;}&#8221;][\/vc_column][\/vc_row][vc_section css=&#8221;.vc_custom_1667567576188{padding-top: 5% !important;padding-right: 5% !important;padding-bottom: 5% !important;padding-left: 5% !important;background-image: url(https:\/\/casa-colonia.de\/wp-content\/uploads\/2022\/11\/handmadepaper.webp?id=5873) !important;}&#8221;][vc_row css=&#8221;.vc_custom_1667567547674{border-top-width: 8px !important;border-right-width: 8px !important;border-bottom-width: 8px !important;border-left-width: 8px !important;padding-top: 2% !important;padding-right: 5% !important;padding-bottom: 2% !important;padding-left: 5% !important;border-left-color: #701414 !important;border-left-style: double !important;border-right-color: #701414 !important;border-right-style: double !important;border-top-color: #701414 !important;border-top-style: double !important;border-bottom-color: #701414 !important;border-bottom-style: double !important;}&#8221;][vc_column][vc_text_separator title=&#8221;Parkeren&#8221; color=&#8221;custom&#8221; accent_color=&#8221;#701414&#8243; el_class=&#8221;text-mit-trennlinie&#8221; css=&#8221;.vc_custom_1667567610917{margin-top: 0px !important;}&#8221;][vc_column_text]<\/p>\n<p style=\"font-size: 15px; color: #701414;\">Helaas beschikken wij niet over een eigen parkeerplaats, daarom vermelden wij graag twee parkeermogelijkheden in de buurt van het hotel:<\/p>\n<table style=\"width: 75%; margin-left: auto; margin-right: auto; color: #701414; font-size: 15px;\">\n<tbody>\n<tr>\n<td style=\"padding: 30px;\"><strong>Parkeren aan de Rijnoever:<\/strong> 5\u20ac per dag niet bewaakt ca. 500 meter van het hotel<\/td>\n<td style=\"padding: 30px;\"><strong>Parkeergarage Rhein Triadem:<\/strong> 20\u20ac per 24 uur bewaakt op ca. 200 meter van het hotel<\/td>\n<\/tr>\n<\/tbody>\n<\/table>\n<p style=\"font-size: 15px; color: #701414;\">U kunt uw auto ook voor het hotel parkeren en wij leggen u uit hoe u bij de parkeerplaatsen komt!<\/p>\n<p>[\/vc_column_text][\/vc_column][\/vc_row][\/vc_section]<\/p>\n<\/div>","protected":false},"excerpt":{"rendered":"<p>[vc_section css=&#8221;.vc_custom_1667569781885{margin-bottom: 50px !important;border-top-width: 8px !important;border-right-width: 8px !important;border-bottom-width: 8px !important;border-left-width: 8px !important;padding-top: 5% !important;padding-right: 5% !important;padding-bottom: 5% !important;padding-left: 5% !important;border-left-color: #701414 !important;border-left-style: double !important;border-right-color: #701414 !important;border-right-style: double !important;border-top-color: #701414 !important;border-top-style: double !important;border-bottom-color: #701414 !important;border-bottom-style: double !important;}&#8221;][vc_row][vc_column][vc_text_separator title=&#8221;Hotel dichtbij&#8230;&#8221; color=&#8221;custom&#8221; accent_color=&#8221;#701414&#8243; el_class=&#8221;text-mit-trennlinie&#8221;][\/vc_column][\/vc_row][vc_row][vc_column width=&#8221;1\/3&#8243;][vc_column_text el_class=&#8221;text-mit-trennlinie-sm&#8221;] Dichtbij [\/vc_column_text][vc_row_inner css=&#8221;.vc_custom_1667568019662{margin-top: 0px !important;margin-bottom: 0px !important;}&#8221; el_class=&#8221;auflistung-orte&#8221;][vc_column_inner width=&#8221;4\/5&#8243;][vc_column_text] Karl Band Plein [&hellip;]<\/p>\n","protected":false},"author":5,"featured_media":0,"parent":0,"menu_order":0,"comment_status":"closed","ping_status":"closed","template":"","meta":{"footnotes":""},"class_list":["post-6228","page","type-page","status-publish","hentry"],"aioseo_notices":[],"amp_enabled":true,"_links":{"self":[{"href":"https:\/\/casa-colonia.de\/nl\/wp-json\/wp\/v2\/pages\/6228","targetHints":{"allow":["GET"]}}],"collection":[{"href":"https:\/\/casa-colonia.de\/nl\/wp-json\/wp\/v2\/pages"}],"about":[{"href":"https:\/\/casa-colonia.de\/nl\/wp-json\/wp\/v2\/types\/page"}],"author":[{"embeddable":true,"href":"https:\/\/casa-colonia.de\/nl\/wp-json\/wp\/v2\/users\/5"}],"replies":[{"embeddable":true,"href":"https:\/\/casa-colonia.de\/nl\/wp-json\/wp\/v2\/comments?post=6228"}],"version-history":[{"count":8,"href":"https:\/\/casa-colonia.de\/nl\/wp-json\/wp\/v2\/pages\/6228\/revisions"}],"predecessor-version":[{"id":16722,"href":"https:\/\/casa-colonia.de\/nl\/wp-json\/wp\/v2\/pages\/6228\/revisions\/16722"}],"wp:attachment":[{"href":"https:\/\/casa-colonia.de\/nl\/wp-json\/wp\/v2\/media?parent=6228"}],"curies":[{"name":"wp","href":"https:\/\/api.w.org\/{rel}","templated":true}]}}