{"id":6219,"date":"2022-11-14T08:05:15","date_gmt":"2022-11-14T08:05:15","guid":{"rendered":"https:\/\/casa-colonia.de\/plan-dacces\/"},"modified":"2022-11-14T08:05:16","modified_gmt":"2022-11-14T08:05:16","slug":"plan-dacces","status":"publish","type":"page","link":"https:\/\/casa-colonia.de\/fr\/plan-dacces\/","title":{"rendered":"Plan d&rsquo;acc\u00e8s"},"content":{"rendered":"<div class=\"wpb-content-wrapper\"><p>[vc_row css=\u00a0\u00bb.vc_custom_1667387393509{margin-bottom: 50px !important;}\u00a0\u00bb][vc_column width=\u00a0\u00bb1\/2&Prime;][vc_column_text]<\/p>\n<h2 style=\"font-family: 'Montserrat'; font-weight: 500; line-height: 42px;\">Gare H\u00f4tel<\/h2>\n<ul style=\"list-style: none; padding-left: 0; color: #313131; font-size: 14px; line-height: 24px; font-family: 'Montserrat';\">\n<li style=\"margin-bottom: 20px;\">Vous quittez la gare centrale en direction de la Bahnhofsvorplatz\/Breslauerplatz. Pour ce faire, utilisez de pr\u00e9f\u00e9rence la sortie situ\u00e9e entre la pharmacie et la filiale McDonald&rsquo;s.<\/li>\n<li style=\"margin-bottom: 20px;\">L\u00e0, continuez tout droit et au rond-point, continuez tout droit dans la Johannisstra\u00dfe.<\/li>\n<li style=\"margin-bottom: 20px;\">Suivez cette rue jusqu&rsquo;\u00e0 ce que vous croisiez la rue Machab\u00e4er. L&rsquo;h\u00f4tel se trouve directement au croisement de la Machab\u00e4erstra\u00dfe et de la Johannisstra\u00dfe.<\/li>\n<\/ul>\n<p>[\/vc_column_text][\/vc_column][vc_column width=\u00a0\u00bb1\/2&Prime;][vc_gmaps link=\u00a0\u00bb#E-8_JTNDaWZyYW1lJTIwc3JjJTNEJTIyaHR0cHMlM0ElMkYlMkZ3d3cuZ29vZ2xlLmNvbSUyRm1hcHMlMkZlbWJlZCUzRnBiJTNEJTIxMW0xOCUyMTFtMTIlMjExbTMlMjExZDI1MTMuNzkyOTM3NDQ1MTEzMiUyMTJkNi45NTk0MDIyMTU5Mzk1NDYlMjEzZDUwLjk0NjA0MjI3OTU0Njg1JTIxMm0zJTIxMWYwJTIxMmYwJTIxM2YwJTIxM20yJTIxMWkxMDI0JTIxMmk3NjglMjE0ZjEzLjElMjEzbTMlMjExbTIlMjExczB4NDdiZjI1YmI3ZDdkZmM0OSUyNTNBMHg1YjAzNGFhNTczOTZmMDQ4JTIxMnNIb3RlbCUyNTIwQ2FzYSUyNTIwQ29sb25pYSUyMTVlMCUyMTNtMiUyMTFzZGUlMjEyc2x2JTIxNHYxNjI0MjYzNzQ0NjI2JTIxNW0yJTIxMXNkZSUyMTJzbHYlMjIlMjB3aWR0aCUzRCUyMjYwMCUyMiUyMGhlaWdodCUzRCUyMjQ1MCUyMiUyMHN0eWxlJTNEJTIyYm9yZGVyJTNBMCUzQiUyMiUyMGFsbG93ZnVsbHNjcmVlbiUzRCUyMiUyMiUyMGxvYWRpbmclM0QlMjJsYXp5JTIyJTNFJTNDJTJGaWZyYW1lJTNF\u00a0\u00bb][\/vc_column][\/vc_row][vc_row][vc_column width=\u00a0\u00bb1\/2&Prime;][vc_column_text]<\/p>\n<h2 style=\"font-family: 'Montserrat'; font-weight: 500; line-height: 42px;\">Via l&rsquo;A3<\/h2>\n<ul style=\"list-style: none; padding-left: 0; color: #313131; font-size: 14px; line-height: 24px; font-family: 'Montserrat';\">\n<li style=\"margin-bottom: 20px;\">Quittez l&rsquo;A3 \u00e0 l&rsquo;\u00e9changeur K\u00f6ln Ost en direction du centre-ville et prenez la B55a.<\/li>\n<li style=\"margin-bottom: 20px;\">Restez sur la B55a jusqu&rsquo;\u00e0 ce que vous ayez travers\u00e9 le pont Zoobr\u00fccke. \u00c0 la fin du pont, quittez la B55a en direction du centre et prenez la Niederl\u00e4nder Ufer (B51).<\/li>\n<li style=\"margin-bottom: 20px;\">Suivez la route le long du Rhin sur environ 1,8 km et tournez \u00e0 droite dans la Goldgasse.<\/li>\n<li style=\"margin-bottom: 20px;\">Roulez jusqu&rsquo;au rond-point. Quittez le rond-point \u00e0 la premi\u00e8re sortie dans la Johannisstra\u00dfe.<\/li>\n<li style=\"margin-bottom: 20px;\">Continuez tout droit, passez devant l&rsquo;h\u00f4tel Marriott. Au bout de la Johannisstra\u00dfe, vous tombez directement sur la Machab\u00e4erstra\u00dfe et la Casa Colonia.<\/li>\n<\/ul>\n<p>[\/vc_column_text][\/vc_column][vc_column width=\u00a0\u00bb1\/2&Prime;][vc_column_text]<\/p>\n<h2 style=\"font-family: 'Montserrat'; font-weight: 500; line-height: 42px;\">Via l&rsquo;A57<\/h2>\n<ul style=\"list-style: none; padding-left: 0; color: #313131; font-size: 14px; line-height: 24px; font-family: 'Montserrat';\">\n<li style=\"margin-bottom: 20px;\">Quittez l&rsquo;A57 \u00e0 l&rsquo;AS (30) Ehrenfeld en direction du centre.<\/li>\n<li style=\"margin-bottom: 20px;\">Suivez la Inneren Kanalstra\u00dfe sur 200m- puis faites un tour en U au niveau de la Telekomturm.<br \/>\nTournez \u00e0 droite dans la Subbelratherstra\u00dfe en direction du centre-ville.<\/li>\n<li style=\"margin-bottom: 20px;\">Passez le passage souterrain de la voie ferr\u00e9e et suivez la route le long du Mediapark (\u00e0 gauche) sur environ 1,5 km.<\/li>\n<li style=\"margin-bottom: 20px;\">Passez sous un autre passage \u00e0 niveau et tournez imm\u00e9diatement \u00e0 droite dans la Machab\u00e4erstra\u00dfe.<\/li>\n<li style=\"margin-bottom: 20px;\">Apr\u00e8s environ 200m (Machab\u00e4erstra\u00dfe \u00e0 l&rsquo;angle de Johannisstra\u00dfe), vous avez atteint la Casa Colonia.<\/li>\n<\/ul>\n<p>[\/vc_column_text][\/vc_column][\/vc_row][vc_row css=\u00a0\u00bb.vc_custom_1666960796095{padding-top: 5% !important;padding-right: 10% !important;padding-left: 10% !important;}\u00a0\u00bb][vc_column][vc_column_text]<\/p>\n<p style=\"text-align: center;\">Si vous rencontrez un probl\u00e8me en cours de route, vous pouvez bien entendu nous contacter \u00e0 tout moment pour conna\u00eetre l&rsquo;itin\u00e9raire. Un appel suffit : <a href=\"tel:+49221160600\"><strong>0221 160600<\/strong><\/a><\/p>\n<p>[\/vc_column_text][\/vc_column][\/vc_row][vc_row][vc_column][vc_custom_heading text=\u00a0\u00bbNous vous souhaitons un bon voyage !\u00a0\u00bb font_container=\u00a0\u00bbtag:h2|font_size:26px|text_align:center|color:%230a0a0a\u00a0\u00bb google_fonts=\u00a0\u00bbfont_family:Lora%3Aregular%2Citalic%2C700%2C700italic|font_style:400%20regular%3A400%3Anormal\u00a0\u00bb css=\u00a0\u00bb.vc_custom_1667376885771{padding-top: 50px !important;}\u00a0\u00bb][\/vc_column][\/vc_row]<\/p>\n<\/div>","protected":false},"excerpt":{"rendered":"<p>[vc_row css=\u00a0\u00bb.vc_custom_1667387393509{margin-bottom: 50px !important;}\u00a0\u00bb][vc_column width=\u00a0\u00bb1\/2&Prime;][vc_column_text] Gare H\u00f4tel Vous quittez la gare centrale en direction de la Bahnhofsvorplatz\/Breslauerplatz. Pour ce faire, utilisez de pr\u00e9f\u00e9rence la sortie situ\u00e9e entre la pharmacie et la filiale McDonald&rsquo;s. L\u00e0, continuez tout droit et au rond-point, continuez tout droit dans la Johannisstra\u00dfe. Suivez cette rue jusqu&rsquo;\u00e0 ce que vous croisiez la [&hellip;]<\/p>\n","protected":false},"author":5,"featured_media":2883,"parent":0,"menu_order":0,"comment_status":"closed","ping_status":"closed","template":"","meta":{"footnotes":""},"class_list":["post-6219","page","type-page","status-publish","has-post-thumbnail","hentry"],"aioseo_notices":[],"amp_enabled":true,"_links":{"self":[{"href":"https:\/\/casa-colonia.de\/fr\/wp-json\/wp\/v2\/pages\/6219","targetHints":{"allow":["GET"]}}],"collection":[{"href":"https:\/\/casa-colonia.de\/fr\/wp-json\/wp\/v2\/pages"}],"about":[{"href":"https:\/\/casa-colonia.de\/fr\/wp-json\/wp\/v2\/types\/page"}],"author":[{"embeddable":true,"href":"https:\/\/casa-colonia.de\/fr\/wp-json\/wp\/v2\/users\/5"}],"replies":[{"embeddable":true,"href":"https:\/\/casa-colonia.de\/fr\/wp-json\/wp\/v2\/comments?post=6219"}],"version-history":[{"count":2,"href":"https:\/\/casa-colonia.de\/fr\/wp-json\/wp\/v2\/pages\/6219\/revisions"}],"predecessor-version":[{"id":6221,"href":"https:\/\/casa-colonia.de\/fr\/wp-json\/wp\/v2\/pages\/6219\/revisions\/6221"}],"wp:featuredmedia":[{"embeddable":true,"href":"https:\/\/casa-colonia.de\/fr\/wp-json\/wp\/v2\/media\/2883"}],"wp:attachment":[{"href":"https:\/\/casa-colonia.de\/fr\/wp-json\/wp\/v2\/media?parent=6219"}],"curies":[{"name":"wp","href":"https:\/\/api.w.org\/{rel}","templated":true}]}}