{"id":3232,"date":"2022-10-13T13:07:00","date_gmt":"2022-10-13T13:07:00","guid":{"rendered":"https:\/\/casa-colonia.de\/mentions-legales\/"},"modified":"2022-10-20T10:20:44","modified_gmt":"2022-10-20T10:20:44","slug":"mentions-legales","status":"publish","type":"page","link":"https:\/\/casa-colonia.de\/fr\/mentions-legales\/","title":{"rendered":"Mentions l\u00e9gales"},"content":{"rendered":"<div class=\"wpb-content-wrapper\"><p>[vc_row][vc_column][vc_column_text]Hotel Casa Colonia e.K.<\/p>\n<p>Machab\u00e4erstr. 63<\/p>\n<p>50668 K\u00f6ln<\/p>\n<p>Tel.: +49. 221.160 60 0<br \/>\nFax: +49. 221.160 60 18<br \/>\n<a href=\"&#109;&#97;&#x69;l&#116;&#x6f;&#x3a;m&#97;&#x69;&#x6c;&#64;&#99;&#x61;s&#97;&#x2d;&#x63;o&#108;&#x6f;&#x6e;i&#97;&#x2e;d&#101;\">mail at casa-colonia.de<\/a><br \/>\n<a href=\"https:\/\/www.casa-colonia.de\/\" target=\"_blank\" rel=\"noopener\">www.casa-colonia.de<\/a><\/p>\n<p>&nbsp;<\/p>\n<h3>Propri\u00e9taire de l&rsquo;h\u00f4tel<\/h3>\n<p>&nbsp;<\/p>\n<p>Judith Thies-Pfleiderer<\/p>\n<p>DE289502451<\/p>\n<p>HRA 31107<\/p>\n<p>&nbsp;<\/p>\n<h3>Responsable de la conception, du webdesign &amp; de la programmation :<\/h3>\n<p>&nbsp;<\/p>\n<p>Newroom Media GmbH<\/p>\n<p>&nbsp;<\/p>\n<h3>Mentions l\u00e9gales :<\/h3>\n<p>&nbsp;<\/p>\n<p>Casa Colonia e.K. actualise et v\u00e9rifie en permanence les informations contenues dans ses pages web. Malgr\u00e9 tout le soin apport\u00e9, les donn\u00e9es peuvent avoir chang\u00e9 entre-temps. Aucune responsabilit\u00e9 ou garantie ne peut donc \u00eatre assum\u00e9e quant \u00e0 l&rsquo;exactitude, l&rsquo;actualit\u00e9 et l&rsquo;exhaustivit\u00e9 des informations mises \u00e0 disposition. Il en va de m\u00eame pour tous les autres sites web auxquels il est fait r\u00e9f\u00e9rence par le biais d&rsquo;hyperliens. Nous ne sommes pas responsables du contenu des sites web accessibles par le biais d&rsquo;une telle connexion. Si vous deviez acc\u00e9der \u00e0 une page ill\u00e9gale par le biais d&rsquo;un lien hypertexte, nous vous prions de nous en informer \u00e0 l&rsquo;adresse informieren:<a href=\"m&#97;&#105;&#108;&#x74;&#x6f;&#x3a;ma&#105;&#108;&#x40;&#x63;&#x61;&#x73;a-&#99;&#111;&#x6c;&#x6f;&#x6e;&#x69;a&#46;&#100;&#101;\">ma&#105;&#108;&#64;&#99;&#x61;&#x73;&#x61;&#x2d;&#x63;ol&#111;&#110;&#105;&#97;&#x2e;&#x64;&#x65;<\/a> Nous supprimerons imm\u00e9diatement le lien d\u00e8s que nous en aurons pris connaissance.<\/p>\n<p>Le contenu et la conception des pages Internet sont prot\u00e9g\u00e9s par les droits d&rsquo;auteur. Toute reproduction des pages ou de leur contenu n\u00e9cessite l&rsquo;accord \u00e9crit pr\u00e9alable de l&rsquo;h\u00f4tel Casa Colonia, dans la mesure o\u00f9 la reproduction n&rsquo;est pas de toute fa\u00e7on autoris\u00e9e par la loi.[\/vc_column_text][\/vc_column][\/vc_row]<\/p>\n<\/div>","protected":false},"excerpt":{"rendered":"<p>[vc_row][vc_column][vc_column_text]Hotel Casa Colonia e.K. Machab\u00e4erstr. 63 50668 K\u00f6ln Tel.: +49. 221.160 60 0 Fax: +49. 221.160 60 18 mail at casa-colonia.de www.casa-colonia.de &nbsp; Propri\u00e9taire de l&rsquo;h\u00f4tel &nbsp; Judith Thies-Pfleiderer DE289502451 HRA 31107 &nbsp; Responsable de la conception, du webdesign &amp; de la programmation : &nbsp; Newroom Media GmbH &nbsp; Mentions l\u00e9gales : &nbsp; Casa Colonia [&hellip;]<\/p>\n","protected":false},"author":2,"featured_media":0,"parent":0,"menu_order":0,"comment_status":"closed","ping_status":"closed","template":"","meta":{"footnotes":""},"class_list":["post-3232","page","type-page","status-publish","hentry"],"aioseo_notices":[],"amp_enabled":true,"_links":{"self":[{"href":"https:\/\/casa-colonia.de\/fr\/wp-json\/wp\/v2\/pages\/3232","targetHints":{"allow":["GET"]}}],"collection":[{"href":"https:\/\/casa-colonia.de\/fr\/wp-json\/wp\/v2\/pages"}],"about":[{"href":"https:\/\/casa-colonia.de\/fr\/wp-json\/wp\/v2\/types\/page"}],"author":[{"embeddable":true,"href":"https:\/\/casa-colonia.de\/fr\/wp-json\/wp\/v2\/users\/2"}],"replies":[{"embeddable":true,"href":"https:\/\/casa-colonia.de\/fr\/wp-json\/wp\/v2\/comments?post=3232"}],"version-history":[{"count":7,"href":"https:\/\/casa-colonia.de\/fr\/wp-json\/wp\/v2\/pages\/3232\/revisions"}],"predecessor-version":[{"id":4739,"href":"https:\/\/casa-colonia.de\/fr\/wp-json\/wp\/v2\/pages\/3232\/revisions\/4739"}],"wp:attachment":[{"href":"https:\/\/casa-colonia.de\/fr\/wp-json\/wp\/v2\/media?parent=3232"}],"curies":[{"name":"wp","href":"https:\/\/api.w.org\/{rel}","templated":true}]}}