{"id":6240,"date":"2022-11-14T10:40:07","date_gmt":"2022-11-14T10:40:07","guid":{"rendered":"https:\/\/casa-colonia.de\/la-ubicacion\/"},"modified":"2025-06-06T14:42:50","modified_gmt":"2025-06-06T14:42:50","slug":"la-ubicacion","status":"publish","type":"page","link":"https:\/\/casa-colonia.de\/es\/la-ubicacion\/","title":{"rendered":"la ubicaci\u00f3n"},"content":{"rendered":"<div class=\"wpb-content-wrapper\"><p>[vc_section css=\u00bb.vc_custom_1667569781885{margin-bottom: 50px !important;border-top-width: 8px !important;border-right-width: 8px !important;border-bottom-width: 8px !important;border-left-width: 8px !important;padding-top: 5% !important;padding-right: 5% !important;padding-bottom: 5% !important;padding-left: 5% !important;border-left-color: #701414 !important;border-left-style: double !important;border-right-color: #701414 !important;border-right-style: double !important;border-top-color: #701414 !important;border-top-style: double !important;border-bottom-color: #701414 !important;border-bottom-style: double !important;}\u00bb][vc_row][vc_column][vc_text_separator title=\u00bbHotel cerca de&#8230;\u00bb color=\u00bbcustom\u00bb accent_color=\u00bb#701414&#8243; el_class=\u00bbtext-mit-trennlinie\u00bb][\/vc_column][\/vc_row][vc_row][vc_column width=\u00bb1\/3&#8243;][vc_column_text el_class=\u00bbtext-mit-trennlinie-sm\u00bb]<\/p>\n<h3>Cerca de<\/h3>\n<p>[\/vc_column_text][vc_row_inner css=\u00bb.vc_custom_1667568019662{margin-top: 0px !important;margin-bottom: 0px !important;}\u00bb el_class=\u00bbauflistung-orte\u00bb][vc_column_inner width=\u00bb4\/5&#8243;][vc_column_text]<\/p>\n<p style=\"font-size: 14px;\">Plaza Karl Band<\/p>\n<p>[\/vc_column_text][vc_column_text]<\/p>\n<p style=\"font-size: 14px;\">Museo Ludwig<\/p>\n<p>[\/vc_column_text][vc_column_text]<\/p>\n<p style=\"font-size: 14px;\">Puente de Hohenzollern<\/p>\n<p>[\/vc_column_text][vc_column_text]<\/p>\n<p style=\"font-size: 14px;\">Museo Romano-Germ\u00e1nico<\/p>\n<p>[\/vc_column_text][vc_column_text]<\/p>\n<p style=\"font-size: 14px;\">Mercado antiguo de Colonia<\/p>\n<p>[\/vc_column_text][vc_column_text]<\/p>\n<p style=\"font-size: 14px;\">Klingelp\u00fctzpark<\/p>\n<p>[\/vc_column_text][vc_column_text]<\/p>\n<p style=\"font-size: 14px;\">Museo de Artes Aplicadas<\/p>\n<p>[\/vc_column_text][vc_column_text]<\/p>\n<p style=\"font-size: 14px;\">Tri\u00e1ngulo de Colonia<\/p>\n<p>[\/vc_column_text][vc_column_text]<\/p>\n<p style=\"font-size: 14px;\">Casa del Estado de East Meadow<\/p>\n<p>[\/vc_column_text][vc_column_text]<\/p>\n<p style=\"font-size: 14px;\">Kolumba<\/p>\n<p>[\/vc_column_text][\/vc_column_inner][vc_column_inner width=\u00bb1\/5&#8243;][vc_column_text]<\/p>\n<p style=\"font-size: 14px; text-align: right;\">150m<\/p>\n<p>[\/vc_column_text][vc_column_text]<\/p>\n<p style=\"font-size: 14px; text-align: right;\">600m<\/p>\n<p>[\/vc_column_text][vc_column_text]<\/p>\n<p style=\"font-size: 14px; text-align: right;\">600m<\/p>\n<p>[\/vc_column_text][vc_column_text]<\/p>\n<p style=\"font-size: 14px; text-align: right;\">600m<\/p>\n<p>[\/vc_column_text][vc_column_text]<\/p>\n<p style=\"font-size: 14px; text-align: right;\">800m<\/p>\n<p>[\/vc_column_text][vc_column_text]<\/p>\n<p style=\"font-size: 14px; text-align: right;\">800m<\/p>\n<p>[\/vc_column_text][vc_column_text]<\/p>\n<p style=\"font-size: 14px; text-align: right;\">850m<\/p>\n<p>[\/vc_column_text][vc_column_text]<\/p>\n<p style=\"font-size: 14px; text-align: right;\">950m<\/p>\n<p>[\/vc_column_text][vc_column_text]<\/p>\n<p style=\"font-size: 14px; text-align: right;\">950m<\/p>\n<p>[\/vc_column_text][vc_column_text]<\/p>\n<p style=\"font-size: 14px; text-align: right;\">950m<\/p>\n<p>[\/vc_column_text][\/vc_column_inner][\/vc_row_inner][\/vc_column][vc_column width=\u00bb1\/3&#8243;][vc_column_text el_class=\u00bbtext-mit-trennlinie-sm\u00bb]<\/p>\n<h3>Principales atracciones<\/h3>\n<p>[\/vc_column_text][vc_row_inner css=\u00bb.vc_custom_1667568037438{margin-top: 0px !important;margin-bottom: 0px !important;}\u00bb el_class=\u00bbauflistung-orte\u00bb][vc_column_inner width=\u00bb4\/5&#8243;][vc_column_text]Catedral de Colonia[\/vc_column_text][vc_column_text]<\/p>\n<p style=\"font-size: 14px;\">Museo Wallraf-Richardtz<\/p>\n<p>[\/vc_column_text][vc_column_text]<\/p>\n<p style=\"font-size: 14px;\">Feria de Colonia \/ Deutz<\/p>\n<p>[\/vc_column_text][vc_column_text]<\/p>\n<p style=\"font-size: 14px;\">Centro de documentaci\u00f3n de las SN<\/p>\n<p>[\/vc_column_text][vc_column_text]<\/p>\n<p style=\"font-size: 14px;\">Torre de Colonia<\/p>\n<p>[\/vc_column_text][vc_column_text]<\/p>\n<p style=\"font-size: 14px;\">Neumarkt Colonia<\/p>\n<p>[\/vc_column_text][vc_column_text]<\/p>\n<p style=\"font-size: 14px;\">Museo del Chocolate de Colonia<\/p>\n<p>[\/vc_column_text][vc_column_text]<\/p>\n<p style=\"font-size: 14px;\">Flora del Jard\u00edn Bot\u00e1nico<\/p>\n<p>[\/vc_column_text][vc_column_text]<\/p>\n<p style=\"font-size: 14px;\">Lanxess Arena Colonia<\/p>\n<p>[\/vc_column_text][vc_column_text]<\/p>\n<p style=\"font-size: 14px;\">Torre de Televisi\u00f3n de Colonia<\/p>\n<p>[\/vc_column_text][vc_column_text]<\/p>\n<p style=\"font-size: 14px;\">Museo de Arte de Asia Oriental<\/p>\n<p>[\/vc_column_text][vc_column_text]<\/p>\n<p style=\"font-size: 14px;\">Castillo de Augustusburg<\/p>\n<p>[\/vc_column_text][vc_column_text]<\/p>\n<p style=\"font-size: 14px;\">Palacio de Falkenlust<\/p>\n<p>[\/vc_column_text][vc_column_text]<\/p>\n<p style=\"font-size: 14px;\">Castillo Bruehl<\/p>\n<p>[\/vc_column_text][\/vc_column_inner][vc_column_inner width=\u00bb1\/5&#8243;][vc_column_text]<\/p>\n<p style=\"font-size: 14px; text-align: right;\">550m<\/p>\n<p>[\/vc_column_text][vc_column_text]<\/p>\n<p style=\"font-size: 14px; text-align: right;\">950m<\/p>\n<p>[\/vc_column_text][vc_column_text]<\/p>\n<p style=\"font-size: 14px; text-align: right;\">1km<\/p>\n<p>[\/vc_column_text][vc_column_text]<\/p>\n<p style=\"font-size: 14px; text-align: right;\">1km<\/p>\n<p>[\/vc_column_text][vc_column_text]<\/p>\n<p style=\"font-size: 14px; text-align: right;\">1,3km<\/p>\n<p>[\/vc_column_text][vc_column_text]<\/p>\n<p style=\"font-size: 14px; text-align: right;\">1,5km<\/p>\n<p>[\/vc_column_text][vc_column_text]<\/p>\n<p style=\"font-size: 14px; text-align: right;\">1,5km<\/p>\n<p>[\/vc_column_text][vc_column_text]<\/p>\n<p style=\"font-size: 14px; text-align: right;\">1,6km<\/p>\n<p>[\/vc_column_text][vc_column_text]<\/p>\n<p style=\"font-size: 14px; text-align: right;\">1,7km<\/p>\n<p>[\/vc_column_text][vc_column_text]<\/p>\n<p style=\"font-size: 14px; text-align: right;\">2,1km<\/p>\n<p>[\/vc_column_text][vc_column_text]<\/p>\n<p style=\"font-size: 14px; text-align: right;\">2,8km<\/p>\n<p>[\/vc_column_text][vc_column_text]<\/p>\n<p style=\"font-size: 14px; text-align: right;\">14km<\/p>\n<p>[\/vc_column_text][vc_column_text]<\/p>\n<p style=\"font-size: 14px; text-align: right;\">14km<\/p>\n<p>[\/vc_column_text][vc_column_text]<\/p>\n<p style=\"font-size: 14px; text-align: right;\">14km<\/p>\n<p>[\/vc_column_text][\/vc_column_inner][\/vc_row_inner][\/vc_column][vc_column width=\u00bb1\/3&#8243;][vc_column_text el_class=\u00bbtext-mit-trennlinie-sm\u00bb]<\/p>\n<h3>Tr\u00e1fico local<\/h3>\n<p>[\/vc_column_text][vc_row_inner css=\u00bb.vc_custom_1667568134395{margin-top: 0px !important;margin-bottom: 0px !important;}\u00bb el_class=\u00bbauflistung-orte\u00bb][vc_column_inner width=\u00bb4\/5&#8243;][vc_column_text]<\/p>\n<p style=\"font-size: 14px;\">Tren &#8211; Estaci\u00f3n central de Colonia<\/p>\n<p>[\/vc_column_text][vc_column_text]<\/p>\n<p style=\"font-size: 14px;\">Metro &#8211; Estaci\u00f3n de metro Dom\/Hbf<\/p>\n<p>[\/vc_column_text][vc_column_text]<\/p>\n<p style=\"font-size: 14px;\">Metro &#8211; Estaci\u00f3n de metro Ebertplatz<\/p>\n<p>[\/vc_column_text][\/vc_column_inner][vc_column_inner width=\u00bb1\/5&#8243;][vc_column_text]<\/p>\n<p style=\"font-size: 14px; text-align: right;\">400m<\/p>\n<p>[\/vc_column_text][vc_column_text]<\/p>\n<p style=\"font-size: 14px; text-align: right;\">400m<\/p>\n<p>[\/vc_column_text][vc_column_text]<\/p>\n<p style=\"font-size: 14px; text-align: right;\">600m<\/p>\n<p>[\/vc_column_text][\/vc_column_inner][\/vc_row_inner][vc_column_text el_class=\u00bbtext-mit-trennlinie-sm\u00bb]<\/p>\n<h3>Aeropuertos<\/h3>\n<p>[\/vc_column_text][vc_row_inner css=\u00bb.vc_custom_1667568151376{margin-top: 0px !important;margin-bottom: 0px !important;}\u00bb el_class=\u00bbauflistung-orte\u00bb][vc_column_inner width=\u00bb4\/5&#8243;][vc_column_text]<\/p>\n<p style=\"font-size: 14px;\">Aeropuerto de Colonia\/Bonn<\/p>\n<p>[\/vc_column_text][vc_column_text]<\/p>\n<p style=\"font-size: 14px;\">Aeropuerto de D\u00fcsseldorf<\/p>\n<p>[\/vc_column_text][vc_column_text]<\/p>\n<p style=\"font-size: 14px;\">Aeropuerto de Essen\/M\u00fclheim<\/p>\n<p>[\/vc_column_text][\/vc_column_inner][vc_column_inner width=\u00bb1\/5&#8243;][vc_column_text]<\/p>\n<p style=\"font-size: 14px; text-align: right;\">15km<\/p>\n<p>[\/vc_column_text][vc_column_text]<\/p>\n<p style=\"font-size: 14px; text-align: right;\">40km<\/p>\n<p>[\/vc_column_text][vc_column_text]<\/p>\n<p style=\"font-size: 14px; text-align: right;\">51km<\/p>\n<p>[\/vc_column_text][\/vc_column_inner][\/vc_row_inner][vc_column_text el_class=\u00bbtext-mit-trennlinie-sm\u00bb]<\/p>\n<h3>Paisaje<\/h3>\n<p>[\/vc_column_text][vc_row_inner css=\u00bb.vc_custom_1667568182201{margin-top: 0px !important;margin-bottom: 0px !important;}\u00bb el_class=\u00bbauflistung-orte\u00bb][vc_column_inner width=\u00bb4\/5&#8243;][vc_column_text]<\/p>\n<p style=\"font-size: 14px;\">R\u00edo &#8211; Rin<\/p>\n<p>[\/vc_column_text][\/vc_column_inner][vc_column_inner width=\u00bb1\/5&#8243;][vc_column_text]<\/p>\n<p style=\"font-size: 14px; text-align: right;\">200m<\/p>\n<p>[\/vc_column_text][\/vc_column_inner][\/vc_row_inner][\/vc_column][\/vc_row][vc_row css=\u00bb.vc_custom_1667893984075{margin-top: 30px !important;margin-bottom: 0px !important;}\u00bb][vc_column][vc_column_text]<\/p>\n<p style=\"color: #999999; font-size: 11px; text-align: center;\">Todas las distancias se basan en mediciones a\u00e9reas. La distancia real del viaje puede variar.<\/p>\n<p>[\/vc_column_text][\/vc_column][\/vc_row][\/vc_section][vc_row equal_height=\u00bbyes\u00bb content_placement=\u00bbbottom\u00bb][vc_column width=\u00bb1\/2&#8243; css=\u00bb.vc_custom_1667907872754{margin-top: 0px !important;margin-right: 0px !important;margin-bottom: 0px !important;margin-left: 0px !important;padding-top: 0px !important;padding-right: 0px !important;padding-bottom: 0px !important;padding-left: 0px !important;background: #701414 url(https:\/\/casa-colonia.de\/wp-content\/uploads\/2022\/11\/high-speed-train-on-the-railway-station-at-night-2021-08-26-17-00-56-utc-scaled-e1667907398912.jpg?id=6098) !important;background-position: center !important;background-repeat: no-repeat !important;background-size: cover !important;}\u00bb][\/vc_column][vc_column width=\u00bb1\/2&#8243; css=\u00bb.vc_custom_1667827953245{margin-top: 8% !important;margin-right: 8% !important;margin-bottom: 8% !important;margin-left: 8% !important;}\u00bb][vc_column_text el_class=\u00bbtext-mit-trennlinie-sm\u00bb]<\/p>\n<h3 style=\"font-size: 22px;\">Estaci\u00f3n central<\/h3>\n<p>[\/vc_column_text][vc_column_text]<\/p>\n<p style=\"text-align: justify; line-height: 24px;\">La c\u00e9ntrica ubicaci\u00f3n del Hotel Casa Colonia ofrece conexiones ideales con la estaci\u00f3n principal de trenes de Colonia. La Estaci\u00f3n Central de Colonia es el centro del tr\u00e1fico local y de larga distancia de Colonia y le ofrece una forma de viajar respetuosa con el medio ambiente. La estaci\u00f3n de tren est\u00e1 muy cerca del hotel y a s\u00f3lo 3 minutos a pie o 300 metros del hotel. La conexi\u00f3n con el sistema de transporte p\u00fablico es ideal. Desde la estaci\u00f3n central\/Breslauer Platz o desde la cercana Ebertplatz se puede salir f\u00e1cilmente en todas las direcciones de la ciudad. El Hotel de la Estaci\u00f3n Central de Colonia ofrece la ubicaci\u00f3n ideal para una escapada a la ciudad.<\/p>\n<p>[\/vc_column_text][\/vc_column][\/vc_row][vc_row equal_height=\u00bbyes\u00bb content_placement=\u00bbbottom\u00bb][vc_column width=\u00bb1\/2&#8243; css=\u00bb.vc_custom_1667827953245{margin-top: 8% !important;margin-right: 8% !important;margin-bottom: 8% !important;margin-left: 8% !important;}\u00bb][vc_column_text el_class=\u00bbtext-mit-trennlinie-sm\u00bb css=\u00bb.vc_custom_1749220934938{margin-top: 0px !important;margin-right: 0px !important;margin-bottom: 0px !important;margin-left: 0px !important;padding-top: 0px !important;padding-right: 0px !important;padding-bottom: 0px !important;padding-left: 0px !important;}\u00bb]<\/p>\n<h3 style=\"font-size: 22px;\">Catedral de Colonia<\/h3>\n<p>[\/vc_column_text][vc_column_text]<\/p>\n<p style=\"text-align: justify; line-height: 24px;\">La Catedral de Colonia o la Iglesia Catedral Alta de San Pedro representa el punto de referencia de la ciudad de Colonia. Junto con la Torre de Televisi\u00f3n de Colonia, estos dos monumentos son los principales protagonistas del horizonte de Colonia. La visita gratuita a la catedral de Colonia, fuera de los oficios religiosos, ofrece un buen comienzo para hacer turismo en Colonia. Tambi\u00e9n existe la posibilidad de visitar el tesoro de la catedral, pagando una entrada. Incluye un gran n\u00famero de reliquias antiguas y preciosas, dispositivos lit\u00fargicos, manuscritos, vestimentas e insignias de varios arzobispos y cl\u00e9rigos de catedrales desde el siglo IV hasta el XX. El Hotel Casa Colonia de la Catedral de Colonia ofrece el punto de partida ideal para esta visita.<\/p>\n<p>[\/vc_column_text][\/vc_column][vc_column width=\u00bb1\/2&#8243; css=\u00bb.vc_custom_1667907892033{margin-top: 0px !important;margin-right: 0px !important;margin-bottom: 0px !important;margin-left: 0px !important;padding-top: 0px !important;padding-right: 0px !important;padding-bottom: 0px !important;padding-left: 0px !important;background: rgba(112,20,20,0.7) url(https:\/\/casa-colonia.de\/wp-content\/uploads\/2022\/11\/night-view-of-cologne-cathedral-germany-europe-2021-08-27-06-38-37-utc-scaled-e1667907497830.jpg?id=6105) !important;background-position: center !important;background-repeat: no-repeat !important;background-size: cover !important;*background-color: rgb(112,20,20) !important;}\u00bb][\/vc_column][\/vc_row][vc_row equal_height=\u00bbyes\u00bb content_placement=\u00bbbottom\u00bb][vc_column width=\u00bb1\/2&#8243; css=\u00bb.vc_custom_1667907904659{margin-top: 0px !important;margin-right: 0px !important;margin-bottom: 0px !important;margin-left: 0px !important;padding-top: 0px !important;padding-right: 0px !important;padding-bottom: 0px !important;padding-left: 0px !important;background: #701414 url(https:\/\/casa-colonia.de\/wp-content\/uploads\/2022\/11\/MicrosoftTeams-image-scaled-e1667907825829.jpg?id=6123) !important;background-position: center !important;background-repeat: no-repeat !important;background-size: cover !important;}\u00bb][\/vc_column][vc_column width=\u00bb1\/2&#8243; css=\u00bb.vc_custom_1667827953245{margin-top: 8% !important;margin-right: 8% !important;margin-bottom: 8% !important;margin-left: 8% !important;}\u00bb][vc_column_text el_class=\u00bbtext-mit-trennlinie-sm\u00bb]<\/p>\n<h3 style=\"font-size: 22px;\">Lanxess Arena<\/h3>\n<p>[\/vc_column_text][vc_column_text]<\/p>\n<p style=\"text-align: justify; line-height: 24px;\">El Lanxess Arena est\u00e1 en las inmediaciones de nuestro hotel. La popularmente conocida \u00abHenkelm\u00e4nnchen\u00bb es una sala multifuncional en Colonia-Deutz. Con hasta 20.000 plazas, es la mayor sala de eventos de Alemania y una de las mayores y m\u00e1s modernas del mundo. El Lanxess Arena es el escenario de una gran variedad de eventos, como espect\u00e1culos de comedia, musicales, eventos deportivos, conciertos o conferencias. Gracias a la c\u00e9ntrica ubicaci\u00f3n del Hotel Casa Colonia, podr\u00e1 llegar al Lanxess Arena directamente en coche o en transporte p\u00fablico o en 30 minutos a pie.<\/p>\n<p>[\/vc_column_text][\/vc_column][\/vc_row][vc_row equal_height=\u00bbyes\u00bb content_placement=\u00bbbottom\u00bb][vc_column width=\u00bb1\/2&#8243; css=\u00bb.vc_custom_1667827953245{margin-top: 8% !important;margin-right: 8% !important;margin-bottom: 8% !important;margin-left: 8% !important;}\u00bb][vc_column_text el_class=\u00bbtext-mit-trennlinie-sm\u00bb]<\/p>\n<h3 style=\"font-size: 22px;\">Colonia Centro<\/h3>\n<p>[\/vc_column_text][vc_column_text]<\/p>\n<p style=\"text-align: justify; line-height: 24px;\">Gracias a la excelente y c\u00e9ntrica ubicaci\u00f3n de nuestro hotel, podr\u00e1 llegar a todos los lugares de inter\u00e9s a pie o en transporte p\u00fablico. Por ejemplo, la Catedral de Colonia, el Puente de Hohenzollern, la Torre de Televisi\u00f3n de Colonia, el Museo del Chocolate y muchos otros museos. Se puede llegar al centro de Colonia a pie en s\u00f3lo 10 minutos. Aqu\u00ed le espera una mezcla \u00fanica de tiendas de renombre, restaurantes, cervecer\u00edas y destacadas plazas, enclavadas entre casas hist\u00f3ricas y pintorescos callejones.<\/p>\n<p>[\/vc_column_text][\/vc_column][vc_column width=\u00bb1\/2&#8243; css=\u00bb.vc_custom_1667907920549{margin-top: 0px !important;margin-right: 0px !important;margin-bottom: 0px !important;margin-left: 0px !important;padding-top: 0px !important;padding-right: 0px !important;padding-bottom: 0px !important;padding-left: 0px !important;background: rgba(112,20,20,0.5) url(https:\/\/casa-colonia.de\/wp-content\/uploads\/2022\/11\/cologne-koln-germany-during-sunset-cologne-bridge-2022-08-13-21-33-39-utc-scaled-e1667906991787.jpg?id=6073) !important;background-position: center !important;background-repeat: no-repeat !important;background-size: cover !important;*background-color: rgb(112,20,20) !important;}\u00bb][\/vc_column][\/vc_row][vc_row equal_height=\u00bbyes\u00bb content_placement=\u00bbbottom\u00bb][vc_column width=\u00bb1\/2&#8243; css=\u00bb.vc_custom_1667907931936{margin-top: 0px !important;margin-right: 0px !important;margin-bottom: 0px !important;margin-left: 0px !important;padding-top: 0px !important;padding-right: 0px !important;padding-bottom: 0px !important;padding-left: 0px !important;background: rgba(112,20,20,0.75) url(https:\/\/casa-colonia.de\/wp-content\/uploads\/2022\/11\/asian-woman-standing-in-trade-fair-exhibition-hall-2022-08-01-01-59-50-utc-scaled-e1667907583318.jpg?id=6111) !important;background-position: center !important;background-repeat: no-repeat !important;background-size: cover !important;*background-color: rgb(112,20,20) !important;}\u00bb][\/vc_column][vc_column width=\u00bb1\/2&#8243; css=\u00bb.vc_custom_1667827953245{margin-top: 8% !important;margin-right: 8% !important;margin-bottom: 8% !important;margin-left: 8% !important;}\u00bb][vc_column_text el_class=\u00bbtext-mit-trennlinie-sm\u00bb]<\/p>\n<h3 style=\"font-size: 22px;\">la Feria de Colonia<\/h3>\n<p>[\/vc_column_text][vc_column_text]<\/p>\n<p style=\"text-align: justify; line-height: 24px;\">La c\u00e9ntrica ubicaci\u00f3n de la Casa Colonia le permite llegar al recinto ferial de la K\u00f6ln-Messe a pie por el Hohenzollernbr\u00fccke (el famoso \u00abLiebesschlossbr\u00fccke\u00bb) o puede tomar el tranv\u00eda en una sola parada. La mundialmente conocida K\u00f6ln-Messe acoge cada a\u00f1o alrededor de 80 ferias, exposiciones y eventos invitados. Entre ellas, la feria de inform\u00e1tica y videojuegos \u00abGamesCom\u00bb, la de fitness y salud \u00abFiBo\u00bb, la de alimentaci\u00f3n y bebidas \u00abanuga\u00bb y muchas m\u00e1s. Traducci\u00f3n realizada con la versi\u00f3n gratuita del traductor www.DeepL.com\/Translator <a style=\"color: #701414;\" href=\"https:\/\/www.koelnmesse.de\/aktuelle-termine\/alle-messen\/\">Haga clic aqu\u00ed para ver el calendario de la feria.<\/a><\/p>\n<p>[\/vc_column_text][\/vc_column][\/vc_row][vc_row equal_height=\u00bbyes\u00bb content_placement=\u00bbbottom\u00bb][vc_column width=\u00bb1\/2&#8243; css=\u00bb.vc_custom_1667827953245{margin-top: 8% !important;margin-right: 8% !important;margin-bottom: 8% !important;margin-left: 8% !important;}\u00bb][vc_column_text el_class=\u00bbtext-mit-trennlinie-sm\u00bb]<\/p>\n<h3 style=\"font-size: 22px;\">Zool\u00f3gico de Colonia<\/h3>\n<p>[\/vc_column_text][vc_column_text]<\/p>\n<p style=\"text-align: justify; line-height: 24px;\">Fundado en 1860, el zoo de Colonia es el tercero m\u00e1s antiguo de Alemania y una de las instituciones de este tipo m\u00e1s visitadas del pa\u00eds. El zoo, que est\u00e1 cerca del hotel, est\u00e1 especializado en la cr\u00eda de especies en peligro de extinci\u00f3n. Ofrece el destino perfecto para familias y ni\u00f1os. El zoo de Colonia est\u00e1 a 25 minutos a pie del hotel y puede combinarse con un agradable paseo por el Rin. El Hotel Casa Colonia, cerca del zoo, es el punto de partida ideal para un viaje familiar al zoo de Colonia.<\/p>\n<p>[\/vc_column_text][\/vc_column][vc_column width=\u00bb1\/2&#8243; css=\u00bb.vc_custom_1667907943606{margin-top: 0px !important;margin-right: 0px !important;margin-bottom: 0px !important;margin-left: 0px !important;padding-top: 0px !important;padding-right: 0px !important;padding-bottom: 0px !important;padding-left: 0px !important;background: #701414 url(https:\/\/casa-colonia.de\/wp-content\/uploads\/2022\/11\/a-tiger-is-lying-in-the-river-around-the-rocks-and-2022-01-29-08-09-48-utc-scaled-e1667907678290.jpg?id=6117) !important;background-position: center !important;background-repeat: no-repeat !important;background-size: cover !important;}\u00bb][\/vc_column][\/vc_row][vc_section css=\u00bb.vc_custom_1667567576188{padding-top: 5% !important;padding-right: 5% !important;padding-bottom: 5% !important;padding-left: 5% !important;background-image: url(https:\/\/casa-colonia.de\/wp-content\/uploads\/2022\/11\/handmadepaper.webp?id=5873) !important;}\u00bb][vc_row css=\u00bb.vc_custom_1667567547674{border-top-width: 8px !important;border-right-width: 8px !important;border-bottom-width: 8px !important;border-left-width: 8px !important;padding-top: 2% !important;padding-right: 5% !important;padding-bottom: 2% !important;padding-left: 5% !important;border-left-color: #701414 !important;border-left-style: double !important;border-right-color: #701414 !important;border-right-style: double !important;border-top-color: #701414 !important;border-top-style: double !important;border-bottom-color: #701414 !important;border-bottom-style: double !important;}\u00bb][vc_column][vc_text_separator title=\u00bbAparcamiento\u00bb color=\u00bbcustom\u00bb accent_color=\u00bb#701414&#8243; el_class=\u00bbtext-mit-trennlinie\u00bb css=\u00bb.vc_custom_1667567610917{margin-top: 0px !important;}\u00bb][vc_column_text]<\/p>\n<p style=\"font-size: 15px; color: #701414;\">Lamentablemente, no disponemos de aparcamiento propio, por lo que nos gustar\u00eda mencionar dos posibilidades de aparcamiento cerca del hotel:<\/p>\n<table style=\"width: 75%; margin-left: auto; margin-right: auto; color: #701414; font-size: 15px;\">\n<tbody>\n<tr>\n<td style=\"padding: 30px;\"><strong>Aparcamiento en la orilla del Rin:<\/strong> 5 euros al d\u00eda no vigilado a unos 500 metros del hotel<\/td>\n<td style=\"padding: 30px;\"><strong>Aparcamiento Rhein Triadem:<\/strong>20\u20ac por 24 horas vigilado a unos 200 metros del hotel<\/td>\n<\/tr>\n<\/tbody>\n<\/table>\n<p style=\"font-size: 15px; color: #701414;\">Tambi\u00e9n puede aparcar su coche delante del hotel y le explicaremos c\u00f3mo llegar a las plazas de aparcamiento.<\/p>\n<p>[\/vc_column_text][\/vc_column][\/vc_row][\/vc_section]<\/p>\n<\/div>","protected":false},"excerpt":{"rendered":"<p>[vc_section css=\u00bb.vc_custom_1667569781885{margin-bottom: 50px !important;border-top-width: 8px !important;border-right-width: 8px !important;border-bottom-width: 8px !important;border-left-width: 8px !important;padding-top: 5% !important;padding-right: 5% !important;padding-bottom: 5% !important;padding-left: 5% !important;border-left-color: #701414 !important;border-left-style: double !important;border-right-color: #701414 !important;border-right-style: double !important;border-top-color: #701414 !important;border-top-style: double !important;border-bottom-color: #701414 !important;border-bottom-style: double !important;}\u00bb][vc_row][vc_column][vc_text_separator title=\u00bbHotel cerca de&#8230;\u00bb color=\u00bbcustom\u00bb accent_color=\u00bb#701414&#8243; el_class=\u00bbtext-mit-trennlinie\u00bb][\/vc_column][\/vc_row][vc_row][vc_column width=\u00bb1\/3&#8243;][vc_column_text el_class=\u00bbtext-mit-trennlinie-sm\u00bb] Cerca de [\/vc_column_text][vc_row_inner css=\u00bb.vc_custom_1667568019662{margin-top: 0px !important;margin-bottom: 0px !important;}\u00bb el_class=\u00bbauflistung-orte\u00bb][vc_column_inner width=\u00bb4\/5&#8243;][vc_column_text] Plaza [&hellip;]<\/p>\n","protected":false},"author":5,"featured_media":0,"parent":0,"menu_order":0,"comment_status":"closed","ping_status":"closed","template":"","meta":{"footnotes":""},"class_list":["post-6240","page","type-page","status-publish","hentry"],"aioseo_notices":[],"amp_enabled":true,"_links":{"self":[{"href":"https:\/\/casa-colonia.de\/es\/wp-json\/wp\/v2\/pages\/6240","targetHints":{"allow":["GET"]}}],"collection":[{"href":"https:\/\/casa-colonia.de\/es\/wp-json\/wp\/v2\/pages"}],"about":[{"href":"https:\/\/casa-colonia.de\/es\/wp-json\/wp\/v2\/types\/page"}],"author":[{"embeddable":true,"href":"https:\/\/casa-colonia.de\/es\/wp-json\/wp\/v2\/users\/5"}],"replies":[{"embeddable":true,"href":"https:\/\/casa-colonia.de\/es\/wp-json\/wp\/v2\/comments?post=6240"}],"version-history":[{"count":4,"href":"https:\/\/casa-colonia.de\/es\/wp-json\/wp\/v2\/pages\/6240\/revisions"}],"predecessor-version":[{"id":16720,"href":"https:\/\/casa-colonia.de\/es\/wp-json\/wp\/v2\/pages\/6240\/revisions\/16720"}],"wp:attachment":[{"href":"https:\/\/casa-colonia.de\/es\/wp-json\/wp\/v2\/media?parent=6240"}],"curies":[{"name":"wp","href":"https:\/\/api.w.org\/{rel}","templated":true}]}}