{"id":3705,"date":"2022-10-14T08:18:49","date_gmt":"2022-10-14T08:18:49","guid":{"rendered":"https:\/\/casa-colonia.de\/concepto-de-higiene\/"},"modified":"2022-10-20T10:20:44","modified_gmt":"2022-10-20T10:20:44","slug":"concepto-de-higiene","status":"publish","type":"page","link":"https:\/\/casa-colonia.de\/es\/concepto-de-higiene\/","title":{"rendered":"Concepto de higiene"},"content":{"rendered":"<div class=\"wpb-content-wrapper\"><p>[vc_row][vc_column width=\u00bb1\/2&#8243;][vc_column_text css=\u00bb.vc_custom_1623852942355{padding-bottom: 15px !important;}\u00bb]<span class=\"TextRun SCXW76339184 BCX0\" lang=\"DE-DE\" data-contrast=\"auto\" xml:lang=\"DE-DE\"><span class=\"NormalTextRun SCXW76339184 BCX0\">Para su seguridad, hemos ideado un concepto que deber\u00eda permitirle tener una estancia relajada en nuestra casa a pesar de la pandemia de Corona. La base de esto es la <\/span><\/span><span class=\"TextRun SCXW76339184 BCX0\" lang=\"DE-DE\" data-contrast=\"auto\"><span class=\"SpellingError SCXW76339184 BCX0\">CornoaSchVO<\/span><\/span><span class=\"TextRun SCXW76339184 BCX0\" lang=\"DE-DE\" data-contrast=\"auto\"><span class=\"NormalTextRun SCXW76339184 BCX0\"> del Estado de NRW.<\/span><\/span><span class=\"EOP SCXW76339184 BCX0\" data-ccp-props=\"{}\"> <\/span><\/p>\n<p>&nbsp;<\/p>\n<p>&nbsp;<\/p>\n<div id=\"pgc-1427-1-0\" class=\"panel-grid-cell\">\n<div id=\"panel-1427-1-0-0\" class=\"so-panel widget widget_text panel-first-child panel-last-child\" data-index=\"1\">\n<h3 class=\"widget-title\">EN LA ESFERA P\u00daBLICA<\/h3>\n<div class=\"textwidget\">\n<ol>\n<li style=\"text-align: left;\">Todas las superficies de contacto con el p\u00fablico se desinfectan y se limpian a fondo al menos 2 veces al d\u00eda. <\/li>\n<li style=\"text-align: left;\">Hay dispensadores con desinfectante en la zona de entrada, la cafeter\u00eda y los pasillos.<\/li>\n<li style=\"text-align: left;\">La se\u00f1alizaci\u00f3n en nuestras zonas de entrada y recepci\u00f3n le ayudar\u00e1 a mantener la distancia obligatoria de 1,5 m.<\/li>\n<li style=\"text-align: left;\"> Tome el ascensor para subir a los pisos y la escalera para bajar. As\u00ed se evitan contactos innecesarios en el hueco de la escalera.<\/li>\n<li style=\"text-align: left;\">La recepci\u00f3n est\u00e1 separada por un panel de plexigl\u00e1s.<\/li>\n<li style=\"text-align: left;\"> Todos los empleados llevan en todo momento mascarillas certificadas FFP2 y est\u00e1n familiarizados con las normas generales de control de infecciones. <\/li>\n<li style=\"text-align: left;\"> Todos los espacios p\u00fablicos est\u00e1n adecuadamente ventilados en todo momento<\/li>\n<li style=\"text-align: left;\">En el ascensor s\u00f3lo puede entrar un m\u00e1ximo de 1 persona, a menos que las personas sean del mismo hogar. <\/li>\n<li style=\"text-align: left;\">Las salas sanitarias de acceso general se limpian y desinfectan 2 veces al d\u00eda<\/li>\n<li style=\"text-align: left;\">Los purificadores de aire certificados, que han demostrado reducir la carga viral, est\u00e1n situados en los espacios p\u00fablicos y en las v\u00edas de circulaci\u00f3n<\/li>\n<\/ol>\n<\/div>\n<\/div>\n<\/div>\n<p>[\/vc_column_text][vc_column_text]<\/p>\n<h3 class=\"widget-title\">REGISTRO, DESAYUNO Y HABITACI\u00d3N<\/h3>\n<div class=\"textwidget\">\n<ol>\n<li><span data-contrast=\"auto\">Por supuesto, tiene a su disposici\u00f3n el registro de entrada y salida sin contacto, as\u00ed como la opci\u00f3n de pago sin contacto. <\/span><\/li>\n<li data-leveltext=\"%1.\" data-font=\"\"Times New Roman\", \"Times New Roman_MSFontService\", serif\" data-listid=\"3\" aria-setsize=\"-1\" data-aria-posinset=\"12\" data-aria-level=\"1\"><span data-contrast=\"auto\">Le servimos el desayuno en su habitaci\u00f3n si lo solicita. Alternativamente, tambi\u00e9n puede tenerlo en el  <\/span><span data-contrast=\"auto\">Recogida en el<\/span> <span data-contrast=\"auto\">caf\u00e9.<\/span> <\/li>\n<li data-leveltext=\"%1.\" data-font=\"\"Times New Roman\", \"Times New Roman_MSFontService\", serif\" data-listid=\"3\" aria-setsize=\"-1\" data-aria-posinset=\"13\" data-aria-level=\"1\"><span data-contrast=\"auto\">Los textiles usados se limpian a un m\u00ednimo de 60 grados cent\u00edgrados despu\u00e9s de cada cambio de hu\u00e9sped. <\/span><\/li>\n<li data-leveltext=\"%1.\" data-font=\"\"Times New Roman\", \"Times New Roman_MSFontService\", serif\" data-listid=\"3\" aria-setsize=\"-1\" data-aria-posinset=\"13\" data-aria-level=\"1\"><span data-contrast=\"auto\">El desinfectante est\u00e1 disponible en su habitaci\u00f3n.<\/span><\/li>\n<\/ol>\n<\/div>\n<p>&nbsp;<\/p>\n<p>&nbsp;<\/p>\n<hr>\n<h3><\/h3>\n<h3 class=\"widget-title\">\u00a1TODOS JUNTOS!<\/h3>\n<p>&nbsp;<\/p>\n<div class=\"textwidget\">\n<p><span data-contrast=\"auto\">Para poder aplicar correctamente todas las medidas de higiene, dependemos tambi\u00e9n, por supuesto, de su ayuda. Le rogamos que lleve un protector bucal en nuestras salas p\u00fablicas y que mantenga una distancia m\u00ednima de 1,50 m con los dem\u00e1s hu\u00e9spedes. Adem\u00e1s, le pedimos que se desinfecte las manos con regularidad, especialmente al entrar en el hotel y en la sala de desayunos.    <\/span><span data-ccp-props=\"{\"134233117\":true,\"134233118\":true}\"> <\/span><\/p>\n<\/div>\n<p>[\/vc_column_text][\/vc_column][vc_column width=\u00bb1\/2&#8243;]\n    <div style=\"text-align:left\" class=\"nd_options_section\">\n      <img decoding=\"async\" alt=\"\" style=\"width:400px\" class=\" nd_options_margin_0 nd_options_padding_0 \" src=\"https:\/\/casa-colonia.de\/wp-content\/uploads\/2021\/06\/DSC_4873-675x1024.jpg\">\n    <\/div>\n   [\/vc_column][\/vc_row]<\/p>\n<\/div>","protected":false},"excerpt":{"rendered":"<p>[vc_row][vc_column width=\u00bb1\/2&#8243;][vc_column_text css=\u00bb.vc_custom_1623852942355{padding-bottom: 15px !important;}\u00bb]Para su seguridad, hemos ideado un concepto que deber\u00eda permitirle tener una estancia relajada en nuestra casa a pesar de la pandemia de Corona. La base de esto es la CornoaSchVO del Estado de NRW. &nbsp; &nbsp; EN LA ESFERA P\u00daBLICA Todas las superficies de contacto con el p\u00fablico se desinfectan [&hellip;]<\/p>\n","protected":false},"author":2,"featured_media":3653,"parent":0,"menu_order":0,"comment_status":"closed","ping_status":"closed","template":"","meta":{"footnotes":""},"class_list":["post-3705","page","type-page","status-publish","has-post-thumbnail","hentry"],"aioseo_notices":[],"amp_enabled":true,"_links":{"self":[{"href":"https:\/\/casa-colonia.de\/es\/wp-json\/wp\/v2\/pages\/3705","targetHints":{"allow":["GET"]}}],"collection":[{"href":"https:\/\/casa-colonia.de\/es\/wp-json\/wp\/v2\/pages"}],"about":[{"href":"https:\/\/casa-colonia.de\/es\/wp-json\/wp\/v2\/types\/page"}],"author":[{"embeddable":true,"href":"https:\/\/casa-colonia.de\/es\/wp-json\/wp\/v2\/users\/2"}],"replies":[{"embeddable":true,"href":"https:\/\/casa-colonia.de\/es\/wp-json\/wp\/v2\/comments?post=3705"}],"version-history":[{"count":6,"href":"https:\/\/casa-colonia.de\/es\/wp-json\/wp\/v2\/pages\/3705\/revisions"}],"predecessor-version":[{"id":4752,"href":"https:\/\/casa-colonia.de\/es\/wp-json\/wp\/v2\/pages\/3705\/revisions\/4752"}],"wp:featuredmedia":[{"embeddable":true,"href":"https:\/\/casa-colonia.de\/es\/wp-json\/wp\/v2\/media\/3653"}],"wp:attachment":[{"href":"https:\/\/casa-colonia.de\/es\/wp-json\/wp\/v2\/media?parent=3705"}],"curies":[{"name":"wp","href":"https:\/\/api.w.org\/{rel}","templated":true}]}}