{"id":5857,"date":"2022-11-03T11:58:13","date_gmt":"2022-11-03T11:58:13","guid":{"rendered":"https:\/\/casa-colonia.de\/?page_id=5857"},"modified":"2025-04-01T12:09:55","modified_gmt":"2025-04-01T12:09:55","slug":"die-lage","status":"publish","type":"page","link":"https:\/\/casa-colonia.de\/de\/die-lage\/","title":{"rendered":"Die Lage"},"content":{"rendered":"<div class=\"wpb-content-wrapper\"><p>[vc_section css=&#8220;.vc_custom_1667569781885{margin-bottom: 50px !important;border-top-width: 8px !important;border-right-width: 8px !important;border-bottom-width: 8px !important;border-left-width: 8px !important;padding-top: 5% !important;padding-right: 5% !important;padding-bottom: 5% !important;padding-left: 5% !important;border-left-color: #701414 !important;border-left-style: double !important;border-right-color: #701414 !important;border-right-style: double !important;border-top-color: #701414 !important;border-top-style: double !important;border-bottom-color: #701414 !important;border-bottom-style: double !important;}&#8220;][vc_row][vc_column][vc_text_separator title=&#8220;Hotel in der N\u00e4he von&#8230;&#8220; color=&#8220;custom&#8220; accent_color=&#8220;#701414&#8243; el_class=&#8220;text-mit-trennlinie&#8220;][\/vc_column][\/vc_row][vc_row][vc_column width=&#8220;1\/3&#8243;][vc_column_text el_class=&#8220;text-mit-trennlinie-sm&#8220;]<\/p>\n<h3>In der N\u00e4he<\/h3>\n<p>[\/vc_column_text][vc_row_inner css=&#8220;.vc_custom_1667568019662{margin-top: 0px !important;margin-bottom: 0px !important;}&#8220; el_class=&#8220;auflistung-orte&#8220;][vc_column_inner width=&#8220;4\/5&#8243;][vc_column_text]<\/p>\n<p style=\"font-size: 14px;\">Karl-Band-Platz<\/p>\n<p>[\/vc_column_text][vc_column_text]<\/p>\n<p style=\"font-size: 14px;\">Museum Ludwig<\/p>\n<p>[\/vc_column_text][vc_column_text]<\/p>\n<p style=\"font-size: 14px;\">Hohenzollernbr\u00fccke<\/p>\n<p>[\/vc_column_text][vc_column_text]<\/p>\n<p style=\"font-size: 14px;\">R\u00f6misch-Germanisches Museum<\/p>\n<p>[\/vc_column_text][vc_column_text]<\/p>\n<p style=\"font-size: 14px;\">Cologne Old Market<\/p>\n<p>[\/vc_column_text][vc_column_text]<\/p>\n<p style=\"font-size: 14px;\">Klingelp\u00fctzpark<\/p>\n<p>[\/vc_column_text][vc_column_text]<\/p>\n<p style=\"font-size: 14px;\">Museum f\u00fcr angewandte Kunst<\/p>\n<p>[\/vc_column_text][vc_column_text]<\/p>\n<p style=\"font-size: 14px;\">K\u00f6ln Triangle<\/p>\n<p>[\/vc_column_text][vc_column_text]<\/p>\n<p style=\"font-size: 14px;\">Ostwiese Landeshaus<\/p>\n<p>[\/vc_column_text][vc_column_text]<\/p>\n<p style=\"font-size: 14px;\">Kolumba<\/p>\n<p>[\/vc_column_text][\/vc_column_inner][vc_column_inner width=&#8220;1\/5&#8243;][vc_column_text]<\/p>\n<p style=\"font-size: 14px; text-align: right;\">150m<\/p>\n<p>[\/vc_column_text][vc_column_text]<\/p>\n<p style=\"font-size: 14px; text-align: right;\">600m<\/p>\n<p>[\/vc_column_text][vc_column_text]<\/p>\n<p style=\"font-size: 14px; text-align: right;\">600m<\/p>\n<p>[\/vc_column_text][vc_column_text]<\/p>\n<p style=\"font-size: 14px; text-align: right;\">600m<\/p>\n<p>[\/vc_column_text][vc_column_text]<\/p>\n<p style=\"font-size: 14px; text-align: right;\">800m<\/p>\n<p>[\/vc_column_text][vc_column_text]<\/p>\n<p style=\"font-size: 14px; text-align: right;\">800m<\/p>\n<p>[\/vc_column_text][vc_column_text]<\/p>\n<p style=\"font-size: 14px; text-align: right;\">850m<\/p>\n<p>[\/vc_column_text][vc_column_text]<\/p>\n<p style=\"font-size: 14px; text-align: right;\">950m<\/p>\n<p>[\/vc_column_text][vc_column_text]<\/p>\n<p style=\"font-size: 14px; text-align: right;\">950m<\/p>\n<p>[\/vc_column_text][vc_column_text]<\/p>\n<p style=\"font-size: 14px; text-align: right;\">950m<\/p>\n<p>[\/vc_column_text][\/vc_column_inner][\/vc_row_inner][\/vc_column][vc_column width=&#8220;1\/3&#8243;][vc_column_text el_class=&#8220;text-mit-trennlinie-sm&#8220;]<\/p>\n<h3>Top Attraktionen<\/h3>\n<p>[\/vc_column_text][vc_row_inner css=&#8220;.vc_custom_1667568037438{margin-top: 0px !important;margin-bottom: 0px !important;}&#8220; el_class=&#8220;auflistung-orte&#8220;][vc_column_inner width=&#8220;4\/5&#8243;][vc_column_text]K\u00f6lner Dom[\/vc_column_text][vc_column_text]<\/p>\n<p style=\"font-size: 14px;\">Wallraf-Richardtz-Museum<\/p>\n<p>[\/vc_column_text][vc_column_text]<\/p>\n<p style=\"font-size: 14px;\">K\u00f6ln Messe \/ Deutz<\/p>\n<p>[\/vc_column_text][vc_column_text]<\/p>\n<p style=\"font-size: 14px;\">NS-Dokumentationszentrum<\/p>\n<p>[\/vc_column_text][vc_column_text]<\/p>\n<p style=\"font-size: 14px;\">K\u00f6ln Turm<\/p>\n<p>[\/vc_column_text][vc_column_text]<\/p>\n<p style=\"font-size: 14px;\">Neumarkt K\u00f6ln<\/p>\n<p>[\/vc_column_text][vc_column_text]<\/p>\n<p style=\"font-size: 14px;\">Schokoladenmuseum K\u00f6ln<\/p>\n<p>[\/vc_column_text][vc_column_text]<\/p>\n<p style=\"font-size: 14px;\">Botanischer Garten Flora<\/p>\n<p>[\/vc_column_text][vc_column_text]<\/p>\n<p style=\"font-size: 14px;\">Lanxess Arena K\u00f6ln<\/p>\n<p>[\/vc_column_text][vc_column_text]<\/p>\n<p style=\"font-size: 14px;\">K\u00f6ln Fernsehturm<\/p>\n<p>[\/vc_column_text][vc_column_text]<\/p>\n<p style=\"font-size: 14px;\">Museum f\u00fcr Ostasiatische Kunst<\/p>\n<p>[\/vc_column_text][vc_column_text]<\/p>\n<p style=\"font-size: 14px;\">Schloss Augustusburg<\/p>\n<p>[\/vc_column_text][vc_column_text]<\/p>\n<p style=\"font-size: 14px;\">Schloss Falkenlust<\/p>\n<p>[\/vc_column_text][vc_column_text]<\/p>\n<p style=\"font-size: 14px;\">Schloss Bruehl<\/p>\n<p>[\/vc_column_text][\/vc_column_inner][vc_column_inner width=&#8220;1\/5&#8243;][vc_column_text]<\/p>\n<p style=\"font-size: 14px; text-align: right;\">550m<\/p>\n<p>[\/vc_column_text][vc_column_text]<\/p>\n<p style=\"font-size: 14px; text-align: right;\">950m<\/p>\n<p>[\/vc_column_text][vc_column_text]<\/p>\n<p style=\"font-size: 14px; text-align: right;\">1km<\/p>\n<p>[\/vc_column_text][vc_column_text]<\/p>\n<p style=\"font-size: 14px; text-align: right;\">1km<\/p>\n<p>[\/vc_column_text][vc_column_text]<\/p>\n<p style=\"font-size: 14px; text-align: right;\">1,3km<\/p>\n<p>[\/vc_column_text][vc_column_text]<\/p>\n<p style=\"font-size: 14px; text-align: right;\">1,5km<\/p>\n<p>[\/vc_column_text][vc_column_text]<\/p>\n<p style=\"font-size: 14px; text-align: right;\">1,5km<\/p>\n<p>[\/vc_column_text][vc_column_text]<\/p>\n<p style=\"font-size: 14px; text-align: right;\">1,6km<\/p>\n<p>[\/vc_column_text][vc_column_text]<\/p>\n<p style=\"font-size: 14px; text-align: right;\">1,7km<\/p>\n<p>[\/vc_column_text][vc_column_text]<\/p>\n<p style=\"font-size: 14px; text-align: right;\">2,1km<\/p>\n<p>[\/vc_column_text][vc_column_text]<\/p>\n<p style=\"font-size: 14px; text-align: right;\">2,8km<\/p>\n<p>[\/vc_column_text][vc_column_text]<\/p>\n<p style=\"font-size: 14px; text-align: right;\">14km<\/p>\n<p>[\/vc_column_text][vc_column_text]<\/p>\n<p style=\"font-size: 14px; text-align: right;\">14km<\/p>\n<p>[\/vc_column_text][vc_column_text]<\/p>\n<p style=\"font-size: 14px; text-align: right;\">14km<\/p>\n<p>[\/vc_column_text][\/vc_column_inner][\/vc_row_inner][\/vc_column][vc_column width=&#8220;1\/3&#8243;][vc_column_text el_class=&#8220;text-mit-trennlinie-sm&#8220;]<\/p>\n<h3>Nahverkehr<\/h3>\n<p>[\/vc_column_text][vc_row_inner css=&#8220;.vc_custom_1667568134395{margin-top: 0px !important;margin-bottom: 0px !important;}&#8220; el_class=&#8220;auflistung-orte&#8220;][vc_column_inner width=&#8220;4\/5&#8243;][vc_column_text]<\/p>\n<p style=\"font-size: 14px;\">Bahn &#8211; Hauptbahnhof K\u00f6ln<\/p>\n<p>[\/vc_column_text][vc_column_text]<\/p>\n<p style=\"font-size: 14px;\">U-Bahn &#8211; U-Bahnhof Dom\/Hbf<\/p>\n<p>[\/vc_column_text][vc_column_text]<\/p>\n<p style=\"font-size: 14px;\">U-Bahn &#8211; U-Bahnhof Ebertplatz<\/p>\n<p>[\/vc_column_text][\/vc_column_inner][vc_column_inner width=&#8220;1\/5&#8243;][vc_column_text]<\/p>\n<p style=\"font-size: 14px; text-align: right;\">400m<\/p>\n<p>[\/vc_column_text][vc_column_text]<\/p>\n<p style=\"font-size: 14px; text-align: right;\">400m<\/p>\n<p>[\/vc_column_text][vc_column_text]<\/p>\n<p style=\"font-size: 14px; text-align: right;\">600m<\/p>\n<p>[\/vc_column_text][\/vc_column_inner][\/vc_row_inner][vc_column_text el_class=&#8220;text-mit-trennlinie-sm&#8220;]<\/p>\n<h3>Flugh\u00e4fen<\/h3>\n<p>[\/vc_column_text][vc_row_inner css=&#8220;.vc_custom_1667568151376{margin-top: 0px !important;margin-bottom: 0px !important;}&#8220; el_class=&#8220;auflistung-orte&#8220;][vc_column_inner width=&#8220;4\/5&#8243;][vc_column_text]<\/p>\n<p style=\"font-size: 14px;\">Flughafen K\u00f6ln\/Bonn<\/p>\n<p>[\/vc_column_text][vc_column_text]<\/p>\n<p style=\"font-size: 14px;\">Flughafen D\u00fcsseldorf<\/p>\n<p>[\/vc_column_text][vc_column_text]<\/p>\n<p style=\"font-size: 14px;\">Flughafen Essen\/M\u00fclheim<\/p>\n<p>[\/vc_column_text][\/vc_column_inner][vc_column_inner width=&#8220;1\/5&#8243;][vc_column_text]<\/p>\n<p style=\"font-size: 14px; text-align: right;\">15km<\/p>\n<p>[\/vc_column_text][vc_column_text]<\/p>\n<p style=\"font-size: 14px; text-align: right;\">40km<\/p>\n<p>[\/vc_column_text][vc_column_text]<\/p>\n<p style=\"font-size: 14px; text-align: right;\">51km<\/p>\n<p>[\/vc_column_text][\/vc_column_inner][\/vc_row_inner][vc_column_text el_class=&#8220;text-mit-trennlinie-sm&#8220;]<\/p>\n<h3>Landschaft<\/h3>\n<p>[\/vc_column_text][vc_row_inner css=&#8220;.vc_custom_1667568182201{margin-top: 0px !important;margin-bottom: 0px !important;}&#8220; el_class=&#8220;auflistung-orte&#8220;][vc_column_inner width=&#8220;4\/5&#8243;][vc_column_text]<\/p>\n<p style=\"font-size: 14px;\">Fluss &#8211; Rhein<\/p>\n<p>[\/vc_column_text][\/vc_column_inner][vc_column_inner width=&#8220;1\/5&#8243;][vc_column_text]<\/p>\n<p style=\"font-size: 14px; text-align: right;\">200m<\/p>\n<p>[\/vc_column_text][\/vc_column_inner][\/vc_row_inner][\/vc_column][\/vc_row][vc_row css=&#8220;.vc_custom_1667893984075{margin-top: 30px !important;margin-bottom: 0px !important;}&#8220;][vc_column][vc_column_text]<\/p>\n<p style=\"color: #999999; font-size: 11px; text-align: center;\">Alle Entfernungen basieren auf Luftlinien Messungen. Die tats\u00e4chliche Reiseentfernung k\u00f6nnte variieren.<\/p>\n<p>[\/vc_column_text][\/vc_column][\/vc_row][\/vc_section][vc_row equal_height=&#8220;yes&#8220; content_placement=&#8220;bottom&#8220;][vc_column width=&#8220;1\/2&#8243; css=&#8220;.vc_custom_1667907872754{margin-top: 0px !important;margin-right: 0px !important;margin-bottom: 0px !important;margin-left: 0px !important;padding-top: 0px !important;padding-right: 0px !important;padding-bottom: 0px !important;padding-left: 0px !important;background: #701414 url(https:\/\/casa-colonia.de\/wp-content\/uploads\/2022\/11\/high-speed-train-on-the-railway-station-at-night-2021-08-26-17-00-56-utc-scaled-e1667907398912.jpg?id=6098) !important;background-position: center !important;background-repeat: no-repeat !important;background-size: cover !important;}&#8220;][\/vc_column][vc_column width=&#8220;1\/2&#8243; css=&#8220;.vc_custom_1667827953245{margin-top: 8% !important;margin-right: 8% !important;margin-bottom: 8% !important;margin-left: 8% !important;}&#8220;][vc_column_text el_class=&#8220;text-mit-trennlinie-sm&#8220;]<\/p>\n<h3 style=\"font-size: 22px;\">Hauptbahnhof K\u00f6ln<\/h3>\n<p>[\/vc_column_text][vc_column_text]<\/p>\n<p style=\"text-align: justify; line-height: 24px;\">Die zentrale Lage des Casa Colonia Hotel bietet eine ideale Anbindung zum K\u00f6lner Hauptbahnhof. Der K\u00f6lner Hauptbahnhof ist der Umschlagplatz f\u00fcr Nah- und Fernverkehr in K\u00f6ln und erm\u00f6glicht ihnen eine Umweltschonende Art der Anreise. Der Bahnhof ist in unmittelbarer N\u00e4he zum Hotel und nur 3 Gehminuten bzw. 300m vom Hotel entfernt. Die Anbindung an den \u00d6PNV ist ideal. Sie k\u00f6nnen vom Hauptbahnhof\/Breslauer Platz oder vom nahegelegenen Ebertplatz ganz unkompliziert in wirklich alle Richtungen der Stadt ausschw\u00e4rmen. Das K\u00f6ln Hauptbahnhof Hotel bietet die ideale Lage f\u00fcr ein St\u00e4dtetrip.<\/p>\n<p>[\/vc_column_text][\/vc_column][\/vc_row][vc_row equal_height=&#8220;yes&#8220; content_placement=&#8220;bottom&#8220;][vc_column width=&#8220;1\/2&#8243; css=&#8220;.vc_custom_1667827953245{margin-top: 8% !important;margin-right: 8% !important;margin-bottom: 8% !important;margin-left: 8% !important;}&#8220;][vc_column_text el_class=&#8220;text-mit-trennlinie-sm&#8220; css=&#8220;.vc_custom_1743509356793{margin-top: 0px !important;margin-right: 0px !important;margin-bottom: 0px !important;margin-left: 0px !important;padding-top: 0px !important;padding-right: 0px !important;padding-bottom: 0px !important;padding-left: 0px !important;}&#8220;]<\/p>\n<h3 style=\"font-size: 22px;\">K\u00f6lner Dom<\/h3>\n<p>[\/vc_column_text][vc_column_text]<\/p>\n<p style=\"text-align: justify; line-height: 24px;\">Der K\u00f6lner Dom bzw. die Hohe Domkirche Sankt Petrus repr\u00e4sentiert das Wahrzeichen der Stadt K\u00f6ln. Zusammen mit dem K\u00f6lner Fernsehturm bilden diese zwei Sehensw\u00fcrdigkeiten die Hauptakteure der K\u00f6lner Skyline. Der kostenfreie Besuch des K\u00f6lner Doms au\u00dferhalb der Gottesdienste, bietet einen tollen Start in das K\u00f6lner Sightseeing. Au\u00dferdem gibt es die M\u00f6glichkeit gegen einen Eintritt die Dom Schatzkammer zu besichtigen. Diese umfasst eine Vielzahl von antiken und kostbaren Reliquien, liturgischen Ger\u00e4ten, Handschriften, Gew\u00e4nder und Insignien verschiedener Erzbisch\u00f6fe und Domgeistliche vom 4. bis ins 20. Jahrhundert. Das K\u00f6lner Dom Hotel Casa Colonia bietet den idealen Ausgangspunkt f\u00fcr diesen Besuch.<\/p>\n<p>[\/vc_column_text][\/vc_column][vc_column width=&#8220;1\/2&#8243; css=&#8220;.vc_custom_1667907892033{margin-top: 0px !important;margin-right: 0px !important;margin-bottom: 0px !important;margin-left: 0px !important;padding-top: 0px !important;padding-right: 0px !important;padding-bottom: 0px !important;padding-left: 0px !important;background: rgba(112,20,20,0.7) url(https:\/\/casa-colonia.de\/wp-content\/uploads\/2022\/11\/night-view-of-cologne-cathedral-germany-europe-2021-08-27-06-38-37-utc-scaled-e1667907497830.jpg?id=6105) !important;background-position: center !important;background-repeat: no-repeat !important;background-size: cover !important;*background-color: rgb(112,20,20) !important;}&#8220;][\/vc_column][\/vc_row][vc_row equal_height=&#8220;yes&#8220; content_placement=&#8220;bottom&#8220;][vc_column width=&#8220;1\/2&#8243; css=&#8220;.vc_custom_1667907904659{margin-top: 0px !important;margin-right: 0px !important;margin-bottom: 0px !important;margin-left: 0px !important;padding-top: 0px !important;padding-right: 0px !important;padding-bottom: 0px !important;padding-left: 0px !important;background: #701414 url(https:\/\/casa-colonia.de\/wp-content\/uploads\/2022\/11\/MicrosoftTeams-image-scaled-e1667907825829.jpg?id=6123) !important;background-position: center !important;background-repeat: no-repeat !important;background-size: cover !important;}&#8220;][\/vc_column][vc_column width=&#8220;1\/2&#8243; css=&#8220;.vc_custom_1667827953245{margin-top: 8% !important;margin-right: 8% !important;margin-bottom: 8% !important;margin-left: 8% !important;}&#8220;][vc_column_text el_class=&#8220;text-mit-trennlinie-sm&#8220;]<\/p>\n<h3 style=\"font-size: 22px;\">Lanxess Arena<\/h3>\n<p>[\/vc_column_text][vc_column_text]<\/p>\n<p style=\"text-align: justify; line-height: 24px;\">Die Lanxess Arena liegt in unmittelbarer N\u00e4he unseres Hotels. Das im Volksmund genannte \u201cHenkelm\u00e4nnchen\u201d ist eine Multifunktionshalle in K\u00f6ln-Deutz. Mit bis zu 20.000 Pl\u00e4tzen ist sie die gr\u00f6\u00dfte Veranstaltungshalle Deutschlands und z\u00e4hlt unteranderem zu den gr\u00f6\u00dften und modernsten Eventhallen der Welt. Die Lanxess-Arena ist Austragungsort f\u00fcr verschiedenste Events, wie Comedy-Shows, Musicals, Sportveranstaltungen, Konzerte oder Tagungen. Dank der zentralen Lage des Hotels Casa Colonia erreichen Sie die Lanxess Arena unmittelbar mit dem Auto oder \u00d6ffentlichen Verkehrsmitteln oder einem 30-min\u00fctigen Spaziergang.<\/p>\n<p>[\/vc_column_text][\/vc_column][\/vc_row][vc_row equal_height=&#8220;yes&#8220; content_placement=&#8220;bottom&#8220;][vc_column width=&#8220;1\/2&#8243; css=&#8220;.vc_custom_1667827953245{margin-top: 8% !important;margin-right: 8% !important;margin-bottom: 8% !important;margin-left: 8% !important;}&#8220;][vc_column_text el_class=&#8220;text-mit-trennlinie-sm&#8220;]<\/p>\n<h3 style=\"font-size: 22px;\">K\u00f6lner Altstadt<\/h3>\n<p>[\/vc_column_text][vc_column_text]<\/p>\n<p style=\"text-align: justify; line-height: 24px;\">Aufgrund der exzellenten und zentralen Lage unseres Hotels, erreichen Sie alle wichtigen Sehensw\u00fcrdigkeiten zu Fu\u00df oder mit den \u00f6ffentlichen Verkehrsmitteln. Zum Beispiel den K\u00f6lner Dom, die Hohenzollernbr\u00fccke, den K\u00f6lner Fernsehturm, das Schokoladenmuseum und viele weitere Museen. Die K\u00f6lner Innenstatt erreichen Sie fu\u00dfl\u00e4ufig in gerademal 10 min. Hier erwartet Sie eine einzigartige Mischung aus namenhaften Gesch\u00e4ften, Restaurants, Brauh\u00e4usern und prominenten Pl\u00e4tzen, eingebettet zwischen historischen H\u00e4usern und urigen Gassen.<\/p>\n<p>[\/vc_column_text][\/vc_column][vc_column width=&#8220;1\/2&#8243; css=&#8220;.vc_custom_1667907920549{margin-top: 0px !important;margin-right: 0px !important;margin-bottom: 0px !important;margin-left: 0px !important;padding-top: 0px !important;padding-right: 0px !important;padding-bottom: 0px !important;padding-left: 0px !important;background: rgba(112,20,20,0.5) url(https:\/\/casa-colonia.de\/wp-content\/uploads\/2022\/11\/cologne-koln-germany-during-sunset-cologne-bridge-2022-08-13-21-33-39-utc-scaled-e1667906991787.jpg?id=6073) !important;background-position: center !important;background-repeat: no-repeat !important;background-size: cover !important;*background-color: rgb(112,20,20) !important;}&#8220;][\/vc_column][\/vc_row][vc_row equal_height=&#8220;yes&#8220; content_placement=&#8220;bottom&#8220;][vc_column width=&#8220;1\/2&#8243; css=&#8220;.vc_custom_1667907931936{margin-top: 0px !important;margin-right: 0px !important;margin-bottom: 0px !important;margin-left: 0px !important;padding-top: 0px !important;padding-right: 0px !important;padding-bottom: 0px !important;padding-left: 0px !important;background: rgba(112,20,20,0.75) url(https:\/\/casa-colonia.de\/wp-content\/uploads\/2022\/11\/asian-woman-standing-in-trade-fair-exhibition-hall-2022-08-01-01-59-50-utc-scaled-e1667907583318.jpg?id=6111) !important;background-position: center !important;background-repeat: no-repeat !important;background-size: cover !important;*background-color: rgb(112,20,20) !important;}&#8220;][\/vc_column][vc_column width=&#8220;1\/2&#8243; css=&#8220;.vc_custom_1667827953245{margin-top: 8% !important;margin-right: 8% !important;margin-bottom: 8% !important;margin-left: 8% !important;}&#8220;][vc_column_text el_class=&#8220;text-mit-trennlinie-sm&#8220;]<\/p>\n<h3 style=\"font-size: 22px;\">K\u00f6ln Messe<\/h3>\n<p>[\/vc_column_text][vc_column_text]<\/p>\n<p style=\"text-align: justify; line-height: 24px;\">Die zentrale Lage des Casa Colonia erm\u00f6glicht es Ihnen das Messegel\u00e4nde, der K\u00f6ln-Messe entweder zu Fu\u00df \u00fcber die Hohenzollernbr\u00fccke (die bekannte \u201eLiebesschlossbr\u00fccke\u201c) zu erreichen oder Sie fahren nur eine Station mit der Stra\u00dfenbahn. Die weltbekannte K\u00f6ln-Messe ist Veranstaltungsort von J\u00e4hrlich ca. 80 Messen, Ausstellungen und Gastveranstaltungen. Darunter zum Beispiel die Computer- und Videospiel Messe \u201cGamesCom\u201d, die Fitness und Gesundheit Messe \u201cFiBo\u201d, die Nahrungs- und Verzehr Messe \u201canuga\u201d und viele weitere. <a style=\"color: #701414;\" href=\"https:\/\/www.koelnmesse.de\/aktuelle-termine\/alle-messen\/\">Hier geht\u2019s zum Messe Kalender.<\/a><\/p>\n<p>[\/vc_column_text][\/vc_column][\/vc_row][vc_row equal_height=&#8220;yes&#8220; content_placement=&#8220;bottom&#8220;][vc_column width=&#8220;1\/2&#8243; css=&#8220;.vc_custom_1667827953245{margin-top: 8% !important;margin-right: 8% !important;margin-bottom: 8% !important;margin-left: 8% !important;}&#8220;][vc_column_text el_class=&#8220;text-mit-trennlinie-sm&#8220;]<\/p>\n<h3 style=\"font-size: 22px;\">K\u00f6lner Zoo<\/h3>\n<p>[\/vc_column_text][vc_column_text]<\/p>\n<p style=\"text-align: justify; line-height: 24px;\">Der K\u00f6lner Zoo gegr\u00fcndet im Jahr 1860, gilt als dritt\u00e4ltester Zoo Deutschlands und z\u00e4hlt zu den meist besuchten Einrichtungen Deutschlands dieser Art. Der hotelnahe Zoo ist auf die Nachzucht bedrohter Tierarten spezialisiert. Er bietet das perfekte Ausflugsziel f\u00fcr Familien und Kinder. Der K\u00f6lner Zoo ist 25 Gehminuten vom Hotel entfernt und kann mit einem sch\u00f6nen Rheinspaziergang kombiniert werden. Das Casa Colonia Hotel K\u00f6ln n\u00e4he Zoo ist der ideale Ausgangspunkt f\u00fcr einen Familienausflug zum K\u00f6lner Zoo.<\/p>\n<p>[\/vc_column_text][\/vc_column][vc_column width=&#8220;1\/2&#8243; css=&#8220;.vc_custom_1667907943606{margin-top: 0px !important;margin-right: 0px !important;margin-bottom: 0px !important;margin-left: 0px !important;padding-top: 0px !important;padding-right: 0px !important;padding-bottom: 0px !important;padding-left: 0px !important;background: #701414 url(https:\/\/casa-colonia.de\/wp-content\/uploads\/2022\/11\/a-tiger-is-lying-in-the-river-around-the-rocks-and-2022-01-29-08-09-48-utc-scaled-e1667907678290.jpg?id=6117) !important;background-position: center !important;background-repeat: no-repeat !important;background-size: cover !important;}&#8220;][\/vc_column][\/vc_row][vc_section css=&#8220;.vc_custom_1667567576188{padding-top: 5% !important;padding-right: 5% !important;padding-bottom: 5% !important;padding-left: 5% !important;background-image: url(https:\/\/casa-colonia.de\/wp-content\/uploads\/2022\/11\/handmadepaper.webp?id=5873) !important;}&#8220;][vc_row css=&#8220;.vc_custom_1667567547674{border-top-width: 8px !important;border-right-width: 8px !important;border-bottom-width: 8px !important;border-left-width: 8px !important;padding-top: 2% !important;padding-right: 5% !important;padding-bottom: 2% !important;padding-left: 5% !important;border-left-color: #701414 !important;border-left-style: double !important;border-right-color: #701414 !important;border-right-style: double !important;border-top-color: #701414 !important;border-top-style: double !important;border-bottom-color: #701414 !important;border-bottom-style: double !important;}&#8220;][vc_column][vc_text_separator title=&#8220;Parken&#8220; color=&#8220;custom&#8220; accent_color=&#8220;#701414&#8243; el_class=&#8220;text-mit-trennlinie&#8220; css=&#8220;.vc_custom_1667567610917{margin-top: 0px !important;}&#8220;][vc_column_text]<\/p>\n<p style=\"font-size: 15px; color: #701414;\">Wir besitzen leider keinen Hauseigenen Stellplatz, deshalb m\u00f6chten wir Ihnen hier zwei Parkm\u00f6glichkeiten in der N\u00e4he des Hotels nennen:<\/p>\n<table style=\"width: 75%; margin-left: auto; margin-right: auto; color: #701414; font-size: 15px;\">\n<tbody>\n<tr>\n<td style=\"padding: 30px;\"><strong>Parken am Rheinufer:<\/strong>5\u20ac pro Tag nicht \u00fcberwacht ca. 500 Meter vom Hotel entfernt<\/td>\n<td style=\"padding: 30px;\"><strong>Parkhaus Rhein Triadem:<\/strong>20\u20ac pro 24 Stunden \u00fcberwacht ca. 200 Meter vom Hotel entfernt<\/td>\n<\/tr>\n<\/tbody>\n<\/table>\n<p style=\"font-size: 15px; color: #701414;\">Gerne K\u00f6nnen Sie aber auch Ihr Auto erst einmal vor dem Hotel abstellen und wir erkl\u00e4ren Ihnen, wie Sie zu den Parkpl\u00e4tzen gelangen!<\/p>\n<p>[\/vc_column_text][\/vc_column][\/vc_row][\/vc_section]<\/p>\n<\/div>","protected":false},"excerpt":{"rendered":"<p>[vc_section css=&#8220;.vc_custom_1667569781885{margin-bottom: 50px !important;border-top-width: 8px !important;border-right-width: 8px !important;border-bottom-width: 8px !important;border-left-width: 8px !important;padding-top: 5% !important;padding-right: 5% !important;padding-bottom: 5% !important;padding-left: 5% !important;border-left-color: #701414 !important;border-left-style: double !important;border-right-color: #701414 !important;border-right-style: double !important;border-top-color: #701414 !important;border-top-style: double !important;border-bottom-color: #701414 !important;border-bottom-style: double !important;}&#8220;][vc_row][vc_column][vc_text_separator title=&#8220;Hotel in der N\u00e4he von&#8230;&#8220; color=&#8220;custom&#8220; accent_color=&#8220;#701414&#8243; el_class=&#8220;text-mit-trennlinie&#8220;][\/vc_column][\/vc_row][vc_row][vc_column width=&#8220;1\/3&#8243;][vc_column_text el_class=&#8220;text-mit-trennlinie-sm&#8220;] In der N\u00e4he [\/vc_column_text][vc_row_inner css=&#8220;.vc_custom_1667568019662{margin-top: 0px !important;margin-bottom: 0px !important;}&#8220; [&hellip;]<\/p>\n","protected":false},"author":5,"featured_media":0,"parent":0,"menu_order":0,"comment_status":"closed","ping_status":"closed","template":"","meta":{"footnotes":""},"class_list":["post-5857","page","type-page","status-publish","hentry"],"aioseo_notices":[],"amp_enabled":true,"_links":{"self":[{"href":"https:\/\/casa-colonia.de\/de\/wp-json\/wp\/v2\/pages\/5857","targetHints":{"allow":["GET"]}}],"collection":[{"href":"https:\/\/casa-colonia.de\/de\/wp-json\/wp\/v2\/pages"}],"about":[{"href":"https:\/\/casa-colonia.de\/de\/wp-json\/wp\/v2\/types\/page"}],"author":[{"embeddable":true,"href":"https:\/\/casa-colonia.de\/de\/wp-json\/wp\/v2\/users\/5"}],"replies":[{"embeddable":true,"href":"https:\/\/casa-colonia.de\/de\/wp-json\/wp\/v2\/comments?post=5857"}],"version-history":[{"count":38,"href":"https:\/\/casa-colonia.de\/de\/wp-json\/wp\/v2\/pages\/5857\/revisions"}],"predecessor-version":[{"id":24101,"href":"https:\/\/casa-colonia.de\/de\/wp-json\/wp\/v2\/pages\/5857\/revisions\/24101"}],"wp:attachment":[{"href":"https:\/\/casa-colonia.de\/de\/wp-json\/wp\/v2\/media?parent=5857"}],"curies":[{"name":"wp","href":"https:\/\/api.w.org\/{rel}","templated":true}]}}