{"id":1859,"date":"2021-06-16T15:04:17","date_gmt":"2021-06-16T15:04:17","guid":{"rendered":"http:\/\/18.197.254.248\/?page_id=1859"},"modified":"2026-01-12T08:49:36","modified_gmt":"2026-01-12T08:49:36","slug":"einzelzimmer","status":"publish","type":"page","link":"https:\/\/casa-colonia.de\/de\/zimmer\/einzelzimmer\/","title":{"rendered":"Einzelzimmer"},"content":{"rendered":"<div class=\"wpb-content-wrapper\"><p>[vc_row gap=&#8220;25&#8243;][vc_column width=&#8220;2\/3&#8243;][vc_single_image image=&#8220;175&#8243; img_size=&#8220;large&#8220; css=&#8220;.vc_custom_1663768489090{margin-top: 0px !important;margin-bottom: 0px !important;padding-top: 0px !important;padding-bottom: 0px !important;}&#8220;]<div style=\"background-color:;height: 30px\" class=\"nicdark_section  \"><\/div>[vc_custom_heading source=&#8220;post_title&#8220; font_container=&#8220;tag:h2|font_size:16px|text_align:left&#8220; google_fonts=&#8220;font_family:Lora%3Aregular%2Citalic%2C700%2C700italic|font_style:700%20bold%20regular%3A700%3Anormal&#8220;][vc_column_text]Dieses ger\u00e4umige und moderne Einzelzimmer ist mit individuell angefertigten M\u00f6beln und dezenten Design-Elementen ausgestattet und \u00fcberzeugt durch seine souver\u00e4ne Schlichtheit insgesamt durch ein ansprechendes und au\u00dfergew\u00f6hnliches Ambiente.[\/vc_column_text][\/vc_column][vc_column width=&#8220;1\/3&#8243; css=&#8220;.vc_custom_1663766052742{padding-top: 35px !important;padding-right: 15px !important;padding-bottom: 35px !important;padding-left: 15px !important;background-color: #711415 !important;}&#8220;][vc_custom_heading source=&#8220;post_title&#8220; font_container=&#8220;tag:h1|text_align:center|color:%23ffffff&#8220; google_fonts=&#8220;font_family:Lora%3Aregular%2Citalic%2C700%2C700italic|font_style:400%20regular%3A400%3Anormal&#8220; css=&#8220;.vc_custom_1663771046353{margin-bottom: 30px !important;}&#8220;][vc_separator color=&#8220;white&#8220; el_width=&#8220;50&#8243;][vc_column_text]<\/p>\n<h3 style=\"text-align: center;\"><img loading=\"lazy\" decoding=\"async\" class=\" wp-image-1785 aligncenter\" src=\"https:\/\/casa-colonia.de\/wp-content\/uploads\/2021\/06\/raum-icon-1.png\" alt=\"\" width=\"40\" height=\"40\" \/><span style=\"color: #ffffff;\">15m\u00b2<\/span><\/h3>\n<p>[\/vc_column_text][vc_column_text]<\/p>\n<h3 style=\"text-align: center;\"><img loading=\"lazy\" decoding=\"async\" class=\"wp-image-1779 aligncenter\" src=\"https:\/\/casa-colonia.de\/wp-content\/uploads\/2021\/06\/bed-icon.png\" alt=\"\" width=\"40\" height=\"40\" \/><br \/>\n<span style=\"color: #ffffff;\">Queensize bett<\/span><\/h3>\n<p>[\/vc_column_text][vc_column_text]<\/p>\n<h3 style=\"text-align: center;\"><img loading=\"lazy\" decoding=\"async\" class=\"alignnone wp-image-1777\" src=\"https:\/\/casa-colonia.de\/wp-content\/uploads\/2021\/06\/baby-bed-icon.png\" alt=\"\" width=\"40\" height=\"40\" \/><\/h3>\n<h3 style=\"text-align: center;\"><span style=\"color: #ffffff;\">Auf Wunsch mit Babybett<\/span><\/h3>\n<p>[\/vc_column_text][vc_separator color=&#8220;white&#8220; el_width=&#8220;50&#8243;][vc_custom_heading text=&#8220;ab 99,00\u20ac&#8220; font_container=&#8220;tag:p|font_size:30|text_align:center|color:%23e8e8e8&#8243; google_fonts=&#8220;font_family:Lora%3Aregular%2Citalic%2C700%2C700italic|font_style:400%20regular%3A400%3Anormal&#8220; el_class=&#8220;zimmer-preis&#8220;][vc_btn title=&#8220;Jetzt Buchen!&#8220; style=&#8220;flat&#8220; color=&#8220;white&#8220; size=&#8220;lg&#8220; align=&#8220;center&#8220; i_icon_fontawesome=&#8220;far fa-calendar&#8220; button_block=&#8220;true&#8220; add_icon=&#8220;true&#8220; link=&#8220;url:%2Fbuchung%2F|title:Buchung&#8220; el_class=&#8220;buchen-button&#8220; css=&#8220;.vc_custom_1663770850527{margin-top: 25px !important;margin-bottom: 0px !important;}&#8220;][\/vc_column][\/vc_row][vc_row css=&#8220;.vc_custom_1673247825803{padding-top: 50px !important;}&#8220; el_class=&#8220;zimmer-icon-section&#8220;][vc_column][vc_custom_heading text=&#8220;Raumausstattung&#8220; google_fonts=&#8220;font_family:Lora%3Aregular%2Citalic%2C700%2C700italic|font_style:400%20regular%3A400%3Anormal&#8220; css=&#8220;.vc_custom_1663767233925{margin-bottom: 10px !important;}&#8220;]\n    <div class=\"nd_options_section nd_options_line_height_0  nd_options_text_align_left \">\n        <span style=\"height:1px;width:30px;background-color:#878787\" class=\"nd_options_display_inline_block\"><\/span>\n    <\/div>\n   [vc_row_inner css=&#8220;.vc_custom_1663767242215{margin-top: 50px !important;}&#8220;][vc_column_inner width=&#8220;1\/4&#8243;][vc_column_text]<img loading=\"lazy\" decoding=\"async\" class=\"alignnone size-full wp-image-4215\" src=\"https:\/\/casa-colonia.de\/wp-content\/uploads\/2022\/10\/icn_bed.png\" alt=\"\" width=\"30\" height=\"30\" \/>Queensize Bett (140cm x 200cm)[\/vc_column_text][\/vc_column_inner][vc_column_inner width=&#8220;1\/4&#8243;][vc_column_text]<img loading=\"lazy\" decoding=\"async\" class=\"alignnone wp-image-141\" src=\"https:\/\/casa-colonia.de\/wp-content\/uploads\/2021\/06\/icn_tv.png\" alt=\"\" width=\"30\" height=\"30\" \/> Flachbild TV[\/vc_column_text][\/vc_column_inner][vc_column_inner width=&#8220;1\/4&#8243;][vc_column_text]<img loading=\"lazy\" decoding=\"async\" class=\"alignnone wp-image-127\" src=\"https:\/\/casa-colonia.de\/wp-content\/uploads\/2021\/06\/icn_wifi.png\" alt=\"\" width=\"30\" height=\"30\" \/> Gratis W-LAN[\/vc_column_text][\/vc_column_inner][vc_column_inner width=&#8220;1\/4&#8243;][vc_column_text]<img loading=\"lazy\" decoding=\"async\" class=\"alignnone wp-image-137\" src=\"https:\/\/casa-colonia.de\/wp-content\/uploads\/2021\/06\/icn_minibar.png\" alt=\"\" width=\"30\" height=\"30\" \/>Minibar[\/vc_column_text][\/vc_column_inner][\/vc_row_inner][vc_row_inner][vc_column_inner width=&#8220;1\/4&#8243;][vc_column_text]<img loading=\"lazy\" decoding=\"async\" class=\"alignnone wp-image-143\" src=\"https:\/\/casa-colonia.de\/wp-content\/uploads\/2021\/06\/icn_wc.png\" alt=\"\" width=\"30\" height=\"30\" \/> WC[\/vc_column_text][\/vc_column_inner][vc_column_inner width=&#8220;1\/4&#8243;][vc_column_text]<img loading=\"lazy\" decoding=\"async\" class=\"alignnone wp-image-132\" src=\"https:\/\/casa-colonia.de\/wp-content\/uploads\/2021\/06\/icn_dusche.png\" alt=\"\" width=\"30\" height=\"30\" \/> Dusche[\/vc_column_text][\/vc_column_inner][vc_column_inner width=&#8220;1\/4&#8243;][vc_column_text]<img loading=\"lazy\" decoding=\"async\" class=\"alignnone wp-image-133\" src=\"https:\/\/casa-colonia.de\/wp-content\/uploads\/2021\/06\/icn_haartrockner.png\" alt=\"\" width=\"30\" height=\"30\" \/> Haartrockner[\/vc_column_text][\/vc_column_inner][vc_column_inner width=&#8220;1\/4&#8243;][vc_column_text]<img loading=\"lazy\" decoding=\"async\" class=\"alignnone size-full wp-image-4223\" src=\"https:\/\/casa-colonia.de\/wp-content\/uploads\/2022\/10\/icn_schallschutztu\u0308r.png\" alt=\"\" width=\"30\" height=\"30\" \/>Schallschutzt\u00fcr[\/vc_column_text][\/vc_column_inner][\/vc_row_inner][\/vc_column][\/vc_row][vc_row css=&#8220;.vc_custom_1623835158393{padding-top: 64px !important;}&#8220;][vc_column][vc_custom_heading text=&#8220;Weitere Zimmer&#8220; google_fonts=&#8220;font_family:Lora%3Aregular%2Citalic%2C700%2C700italic|font_style:400%20regular%3A400%3Anormal&#8220; css=&#8220;.vc_custom_1663766474415{margin-bottom: 10px !important;}&#8220;]\n    <div class=\"nd_options_section nd_options_line_height_0  nd_options_text_align_left \">\n        <span style=\"height:1px;width:30px;background-color:#878787\" class=\"nd_options_display_inline_block\"><\/span>\n    <\/div>\n   [vc_row_inner css=&#8220;.vc_custom_1663766480406{margin-top: 50px !important;}&#8220;][vc_column_inner width=&#8220;1\/3&#8243;][vc_single_image image=&#8220;154&#8243; img_size=&#8220;medium&#8220; onclick=&#8220;custom_link&#8220; el_class=&#8220;other-rooms-image&#8220; link=&#8220;\/dreibettzimmer\/&#8220;][vc_custom_heading text=&#8220;Dreibettzimmer&#8220; font_container=&#8220;tag:h3|text_align:left|color:%23878787&#8243; google_fonts=&#8220;font_family:Lora%3Aregular%2Citalic%2C700%2C700italic|font_style:400%20regular%3A400%3Anormal&#8220; link=&#8220;url:https%3A%2F%2Fcasa-colonia.de%2Fde%2Fdreibettzimmer%2F|title:Dreibettzimmer&#8220;][vc_column_text el_class=&#8220;zimmer-preis-section&#8220;]35 m\u00b2 | ab 149,00\u20ac[\/vc_column_text][vc_btn title=&#8220;Mehr erfahren&#8220; style=&#8220;outline-custom&#8220; outline_custom_color=&#8220;#711415&#8243; outline_custom_hover_background=&#8220;#711415&#8243; outline_custom_hover_text=&#8220;#ffffff&#8220; shape=&#8220;square&#8220; link=&#8220;url:https%3A%2F%2Fcasa-colonia.de%2Fde%2Fdreibettzimmer%2F|title:Dreibettzimmer&#8220;][\/vc_column_inner][vc_column_inner width=&#8220;1\/3&#8243;][vc_single_image image=&#8220;166&#8243; img_size=&#8220;medium&#8220; onclick=&#8220;custom_link&#8220; el_class=&#8220;other-rooms-image&#8220; link=&#8220;\/familienzimmer\/&#8220;][vc_custom_heading text=&#8220;Familienzimmer&#8220; font_container=&#8220;tag:h3|text_align:left|color:%23878787&#8243; google_fonts=&#8220;font_family:Lora%3Aregular%2Citalic%2C700%2C700italic|font_style:400%20regular%3A400%3Anormal&#8220; link=&#8220;url:https%3A%2F%2Fcasa-colonia.de%2Fde%2Ffamilienzimmer%2F|title:Familienzimmer&#8220;][vc_column_text el_class=&#8220;zimmer-preis-section&#8220;]40 m\u00b2 | ab 159,00\u20ac[\/vc_column_text][vc_btn title=&#8220;Mehr erfahren&#8220; style=&#8220;outline-custom&#8220; outline_custom_color=&#8220;#711415&#8243; outline_custom_hover_background=&#8220;#711415&#8243; outline_custom_hover_text=&#8220;#ffffff&#8220; shape=&#8220;square&#8220; link=&#8220;url:https%3A%2F%2Fcasa-colonia.de%2Fde%2Ffamilienzimmer%2F|title:Familienzimmer&#8220;][\/vc_column_inner][vc_column_inner width=&#8220;1\/3&#8243;][vc_single_image image=&#8220;233&#8243; img_size=&#8220;medium&#8220; onclick=&#8220;custom_link&#8220; el_class=&#8220;other-rooms-image&#8220; link=&#8220;\/doppelzimmer\/&#8220;][vc_custom_heading text=&#8220;Doppelzimmer&#8220; font_container=&#8220;tag:h3|text_align:left|color:%23878787&#8243; google_fonts=&#8220;font_family:Lora%3Aregular%2Citalic%2C700%2C700italic|font_style:400%20regular%3A400%3Anormal&#8220; link=&#8220;url:https%3A%2F%2Fcasa-colonia.de%2Fde%2Fdoppelzimmer%2F|title:Doppelzimmer&#8220;][vc_column_text el_class=&#8220;zimmer-preis-section&#8220;]23 m\u00b2 | ab 119,00\u20ac[\/vc_column_text][vc_btn title=&#8220;Mehr erfahren&#8220; style=&#8220;outline-custom&#8220; outline_custom_color=&#8220;#711415&#8243; outline_custom_hover_background=&#8220;#711415&#8243; outline_custom_hover_text=&#8220;#ffffff&#8220; shape=&#8220;square&#8220; link=&#8220;url:https%3A%2F%2Fcasa-colonia.de%2Fde%2Fdoppelzimmer%2F|title:Doppelzimmer&#8220;][\/vc_column_inner][\/vc_row_inner][\/vc_column][\/vc_row]<\/p>\n<\/div>","protected":false},"excerpt":{"rendered":"<p>[vc_row gap=&#8220;25&#8243;][vc_column width=&#8220;2\/3&#8243;][vc_single_image image=&#8220;175&#8243; img_size=&#8220;large&#8220; css=&#8220;.vc_custom_1663768489090{margin-top: 0px !important;margin-bottom: 0px !important;padding-top: 0px !important;padding-bottom: 0px !important;}&#8220;][vc_custom_heading source=&#8220;post_title&#8220; font_container=&#8220;tag:h2|font_size:16px|text_align:left&#8220; google_fonts=&#8220;font_family:Lora%3Aregular%2Citalic%2C700%2C700italic|font_style:700%20bold%20regular%3A700%3Anormal&#8220;][vc_column_text]Dieses ger\u00e4umige und moderne Einzelzimmer ist mit individuell angefertigten M\u00f6beln und dezenten Design-Elementen ausgestattet und \u00fcberzeugt durch seine souver\u00e4ne Schlichtheit insgesamt durch ein ansprechendes und au\u00dfergew\u00f6hnliches Ambiente.[\/vc_column_text][\/vc_column][vc_column width=&#8220;1\/3&#8243; css=&#8220;.vc_custom_1663766052742{padding-top: 35px !important;padding-right: 15px !important;padding-bottom: 35px !important;padding-left: 15px !important;background-color: #711415 !important;}&#8220;][vc_custom_heading [&hellip;]<\/p>\n","protected":false},"author":2,"featured_media":201,"parent":1891,"menu_order":0,"comment_status":"closed","ping_status":"closed","template":"","meta":{"footnotes":""},"class_list":["post-1859","page","type-page","status-publish","has-post-thumbnail","hentry"],"aioseo_notices":[],"amp_enabled":true,"_links":{"self":[{"href":"https:\/\/casa-colonia.de\/de\/wp-json\/wp\/v2\/pages\/1859","targetHints":{"allow":["GET"]}}],"collection":[{"href":"https:\/\/casa-colonia.de\/de\/wp-json\/wp\/v2\/pages"}],"about":[{"href":"https:\/\/casa-colonia.de\/de\/wp-json\/wp\/v2\/types\/page"}],"author":[{"embeddable":true,"href":"https:\/\/casa-colonia.de\/de\/wp-json\/wp\/v2\/users\/2"}],"replies":[{"embeddable":true,"href":"https:\/\/casa-colonia.de\/de\/wp-json\/wp\/v2\/comments?post=1859"}],"version-history":[{"count":62,"href":"https:\/\/casa-colonia.de\/de\/wp-json\/wp\/v2\/pages\/1859\/revisions"}],"predecessor-version":[{"id":23787,"href":"https:\/\/casa-colonia.de\/de\/wp-json\/wp\/v2\/pages\/1859\/revisions\/23787"}],"up":[{"embeddable":true,"href":"https:\/\/casa-colonia.de\/de\/wp-json\/wp\/v2\/pages\/1891"}],"wp:featuredmedia":[{"embeddable":true,"href":"https:\/\/casa-colonia.de\/de\/wp-json\/wp\/v2\/media\/201"}],"wp:attachment":[{"href":"https:\/\/casa-colonia.de\/de\/wp-json\/wp\/v2\/media?parent=1859"}],"curies":[{"name":"wp","href":"https:\/\/api.w.org\/{rel}","templated":true}]}}